{"id":119,"date":"2023-04-01T19:42:41","date_gmt":"2023-04-01T17:42:41","guid":{"rendered":"https:\/\/stroteam.com\/?page_id=119"},"modified":"2023-05-07T23:28:43","modified_gmt":"2023-05-07T21:28:43","slug":"z-mpfarrer","status":"publish","type":"page","link":"https:\/\/stroteam.com\/index.php\/z-mpfarrer\/","title":{"rendered":"Mathias Pfarrer"},"content":{"rendered":"\n<p>Cliquer sur les pages. <\/p>\n\n\n\n<p><\/p>\n\n\n\n<figure class=\"is-layout-flex wp-block-gallery-1 wp-block-gallery has-nested-images columns-default is-cropped\">\n<figure class=\"wp-block-image size-large\"><a href=\"https:\/\/stroteam.com\/index.php\/z-mpfarrer\/mathias-pfarrer-s1\/\"><img decoding=\"async\" loading=\"lazy\" width=\"1240\" height=\"700\" data-id=\"1815\"  src=\"https:\/\/stroteam.com\/wp-content\/uploads\/2023\/04\/Mathias-Pfarrer-s1-1240x700.jpg\" alt=\"\" class=\"wp-image-1815\" srcset=\"https:\/\/stroteam.com\/wp-content\/uploads\/2023\/04\/Mathias-Pfarrer-s1-980x553.jpg 980w, https:\/\/stroteam.com\/wp-content\/uploads\/2023\/04\/Mathias-Pfarrer-s1-480x271.jpg 480w\" sizes=\"(min-width: 0px) and (max-width: 480px) 480px, (min-width: 481px) and (max-width: 980px) 980px, (min-width: 981px) 1240px, 100vw\" \/><\/a><figcaption class=\"wp-element-caption\">Page 1<\/figcaption><\/figure>\n\n\n\n<figure class=\"wp-block-image size-large\"><a href=\"https:\/\/stroteam.com\/index.php\/z-mpfarrer\/mathias-pfarrer-s2-1\/\"><img decoding=\"async\" loading=\"lazy\" width=\"1240\" height=\"699\" data-id=\"1824\"  src=\"https:\/\/stroteam.com\/wp-content\/uploads\/2023\/04\/Mathias-Pfarrer-s2-1-1240x699.jpg\" alt=\"\" class=\"wp-image-1824\" srcset=\"https:\/\/stroteam.com\/wp-content\/uploads\/2023\/04\/Mathias-Pfarrer-s2-1-980x552.jpg 980w, https:\/\/stroteam.com\/wp-content\/uploads\/2023\/04\/Mathias-Pfarrer-s2-1-480x271.jpg 480w\" sizes=\"(min-width: 0px) and (max-width: 480px) 480px, (min-width: 481px) and (max-width: 980px) 980px, (min-width: 981px) 1240px, 100vw\" \/><\/a><figcaption class=\"wp-element-caption\">Page 2<\/figcaption><\/figure>\n\n\n\n<figure class=\"wp-block-image size-large\"><a href=\"https:\/\/stroteam.com\/index.php\/z-mpfarrer\/mathias-pfarrer-s3\/\"><img decoding=\"async\" loading=\"lazy\" width=\"1240\" height=\"698\" data-id=\"1817\"  src=\"https:\/\/stroteam.com\/wp-content\/uploads\/2023\/04\/Mathias-Pfarrer-s3-1240x698.jpg\" alt=\"\" class=\"wp-image-1817\" srcset=\"https:\/\/stroteam.com\/wp-content\/uploads\/2023\/04\/Mathias-Pfarrer-s3-980x552.jpg 980w, https:\/\/stroteam.com\/wp-content\/uploads\/2023\/04\/Mathias-Pfarrer-s3-480x270.jpg 480w\" sizes=\"(min-width: 0px) and (max-width: 480px) 480px, (min-width: 481px) and (max-width: 980px) 980px, (min-width: 981px) 1240px, 100vw\" \/><\/a><figcaption class=\"wp-element-caption\">Page 3<\/figcaption><\/figure>\n<\/figure>\n","protected":false},"excerpt":{"rendered":"<p>Cliquer sur les pages.<\/p>\n","protected":false},"author":2,"featured_media":1060,"parent":0,"menu_order":0,"comment_status":"closed","ping_status":"closed","template":"","meta":{"_et_pb_use_builder":"off","_et_pb_old_content":"<!-- wp:paragraph -->\n<p>Cliquer sur la page 1 et naviguer avec les fl\u00e8ches lat\u00e9rales. <\/p>\n<!-- \/wp:paragraph -->\n\n<!-- wp:paragraph -->\n<p><\/p>\n<!-- \/wp:paragraph -->\n\n<!-- wp:gallery {\"linkTo\":\"none\"} -->\n<figure class=\"wp-block-gallery has-nested-images columns-default is-cropped\"><!-- wp:image {\"id\":1815,\"sizeSlug\":\"large\",\"linkDestination\":\"attachment\"} -->\n<figure class=\"wp-block-image size-large\"><a href=\"https:\/\/stroteam.com\/index.php\/z-mpfarrer\/mathias-pfarrer-s1\/\"><img src=\"https:\/\/stroteam.com\/wp-content\/uploads\/2023\/04\/Mathias-Pfarrer-s1-1240x700.jpg\" alt=\"\" class=\"wp-image-1815\"\/><\/a><figcaption class=\"wp-element-caption\">Page 1<\/figcaption><\/figure>\n<!-- \/wp:image -->\n\n<!-- wp:image {\"id\":1824,\"sizeSlug\":\"large\",\"linkDestination\":\"attachment\"} -->\n<figure class=\"wp-block-image size-large\"><a href=\"https:\/\/stroteam.com\/index.php\/z-mpfarrer\/mathias-pfarrer-s2-1\/\"><img src=\"https:\/\/stroteam.com\/wp-content\/uploads\/2023\/04\/Mathias-Pfarrer-s2-1-1240x699.jpg\" alt=\"\" class=\"wp-image-1824\"\/><\/a><figcaption class=\"wp-element-caption\">Page 2<\/figcaption><\/figure>\n<!-- \/wp:image -->\n\n<!-- wp:image {\"id\":1817,\"sizeSlug\":\"large\",\"linkDestination\":\"attachment\"} -->\n<figure class=\"wp-block-image size-large\"><a href=\"https:\/\/stroteam.com\/index.php\/z-mpfarrer\/mathias-pfarrer-s3\/\"><img src=\"https:\/\/stroteam.com\/wp-content\/uploads\/2023\/04\/Mathias-Pfarrer-s3-1240x698.jpg\" alt=\"\" class=\"wp-image-1817\"\/><\/a><figcaption class=\"wp-element-caption\">Page 3<\/figcaption><\/figure>\n<!-- \/wp:image --><\/figure>\n<!-- \/wp:gallery -->","_et_gb_content_width":""},"yoast_head":"<!-- This site is optimized with the Yoast SEO plugin v20.5 - https:\/\/yoast.com\/wordpress\/plugins\/seo\/ -->\n<title>Mathias Pfaffer - Ammestre - Ammester - Saint Empire Germanique - Jean Sturm<\/title>\n<meta name=\"description\" content=\"R\u00e9sum\u00e9 des donn\u00e9es connues sur Mathia Pfarrer dans l&#039;optique d&#039;une recherche Historique et g\u00e9n\u00e9alogique de ses descendants Stroh\" \/>\n<meta name=\"robots\" content=\"index, follow, max-snippet:-1, max-image-preview:large, max-video-preview:-1\" \/>\n<link rel=\"canonical\" href=\"https:\/\/stroteam.com\/index.php\/z-mpfarrer\/\" \/>\n<meta property=\"og:locale\" content=\"en_US\" \/>\n<meta property=\"og:type\" content=\"article\" \/>\n<meta property=\"og:title\" content=\"Mathias Pfaffer - Ammestre - Ammester - Saint Empire Germanique - Jean Sturm\" \/>\n<meta property=\"og:description\" content=\"R\u00e9sum\u00e9 des donn\u00e9es connues sur Mathia Pfarrer dans l&#039;optique d&#039;une recherche Historique et g\u00e9n\u00e9alogique de ses descendants Stroh\" \/>\n<meta property=\"og:url\" content=\"https:\/\/stroteam.com\/index.php\/z-mpfarrer\/\" \/>\n<meta property=\"og:site_name\" content=\"Family Stroh &amp; Co\" \/>\n<meta property=\"article:modified_time\" content=\"2023-05-07T21:28:43+00:00\" \/>\n<meta property=\"og:image\" content=\"http:\/\/stroteam.com\/wp-content\/uploads\/2023\/04\/loupe.jpg\" \/>\n\t<meta property=\"og:image:width\" content=\"1729\" \/>\n\t<meta property=\"og:image:height\" content=\"300\" \/>\n\t<meta property=\"og:image:type\" content=\"image\/jpeg\" \/>\n<meta name=\"twitter:card\" content=\"summary_large_image\" \/>\n<meta name=\"twitter:label1\" content=\"Est. reading time\" \/>\n\t<meta name=\"twitter:data1\" content=\"1 minute\" \/>\n<script type=\"application\/ld+json\" class=\"yoast-schema-graph\">{\"@context\":\"https:\/\/schema.org\",\"@graph\":[{\"@type\":\"WebPage\",\"@id\":\"https:\/\/stroteam.com\/index.php\/z-mpfarrer\/\",\"url\":\"https:\/\/stroteam.com\/index.php\/z-mpfarrer\/\",\"name\":\"Mathias Pfaffer - Ammestre - Ammester - Saint Empire Germanique - Jean Sturm\",\"isPartOf\":{\"@id\":\"https:\/\/stroteam.com\/#website\"},\"datePublished\":\"2023-04-01T17:42:41+00:00\",\"dateModified\":\"2023-05-07T21:28:43+00:00\",\"description\":\"R\u00e9sum\u00e9 des donn\u00e9es connues sur Mathia Pfarrer dans l'optique d'une recherche Historique et g\u00e9n\u00e9alogique de ses descendants Stroh\",\"breadcrumb\":{\"@id\":\"https:\/\/stroteam.com\/index.php\/z-mpfarrer\/#breadcrumb\"},\"inLanguage\":\"en-US\",\"potentialAction\":[{\"@type\":\"ReadAction\",\"target\":[\"https:\/\/stroteam.com\/index.php\/z-mpfarrer\/\"]}]},{\"@type\":\"BreadcrumbList\",\"@id\":\"https:\/\/stroteam.com\/index.php\/z-mpfarrer\/#breadcrumb\",\"itemListElement\":[{\"@type\":\"ListItem\",\"position\":1,\"name\":\"Accueil\",\"item\":\"https:\/\/stroteam.com\/\"},{\"@type\":\"ListItem\",\"position\":2,\"name\":\"Mathias Pfarrer\"}]},{\"@type\":\"WebSite\",\"@id\":\"https:\/\/stroteam.com\/#website\",\"url\":\"https:\/\/stroteam.com\/\",\"name\":\"Family Stroh &amp; Co\",\"description\":\"R\u00e9cits des familles Stroh &amp; Co du Saint Empire Germanique \u00e0 aujourd&#039;hui\",\"potentialAction\":[{\"@type\":\"SearchAction\",\"target\":{\"@type\":\"EntryPoint\",\"urlTemplate\":\"https:\/\/stroteam.com\/?s={search_term_string}\"},\"query-input\":\"required name=search_term_string\"}],\"inLanguage\":\"en-US\"}]}<\/script>\n<!-- \/ Yoast SEO plugin. -->","yoast_head_json":{"title":"Mathias Pfaffer - Ammestre - Ammester - Saint Empire Germanique - Jean Sturm","description":"R\u00e9sum\u00e9 des donn\u00e9es connues sur Mathia Pfarrer dans l'optique d'une recherche Historique et g\u00e9n\u00e9alogique de ses descendants Stroh","robots":{"index":"index","follow":"follow","max-snippet":"max-snippet:-1","max-image-preview":"max-image-preview:large","max-video-preview":"max-video-preview:-1"},"canonical":"https:\/\/stroteam.com\/index.php\/z-mpfarrer\/","og_locale":"en_US","og_type":"article","og_title":"Mathias Pfaffer - Ammestre - Ammester - Saint Empire Germanique - Jean Sturm","og_description":"R\u00e9sum\u00e9 des donn\u00e9es connues sur Mathia Pfarrer dans l'optique d'une recherche Historique et g\u00e9n\u00e9alogique de ses descendants Stroh","og_url":"https:\/\/stroteam.com\/index.php\/z-mpfarrer\/","og_site_name":"Family Stroh &amp; Co","article_modified_time":"2023-05-07T21:28:43+00:00","og_image":[{"width":1729,"height":300,"url":"http:\/\/stroteam.com\/wp-content\/uploads\/2023\/04\/loupe.jpg","type":"image\/jpeg"}],"twitter_card":"summary_large_image","twitter_misc":{"Est. reading time":"1 minute"},"schema":{"@context":"https:\/\/schema.org","@graph":[{"@type":"WebPage","@id":"https:\/\/stroteam.com\/index.php\/z-mpfarrer\/","url":"https:\/\/stroteam.com\/index.php\/z-mpfarrer\/","name":"Mathias Pfaffer - Ammestre - Ammester - Saint Empire Germanique - Jean Sturm","isPartOf":{"@id":"https:\/\/stroteam.com\/#website"},"datePublished":"2023-04-01T17:42:41+00:00","dateModified":"2023-05-07T21:28:43+00:00","description":"R\u00e9sum\u00e9 des donn\u00e9es connues sur Mathia Pfarrer dans l'optique d'une recherche Historique et g\u00e9n\u00e9alogique de ses descendants Stroh","breadcrumb":{"@id":"https:\/\/stroteam.com\/index.php\/z-mpfarrer\/#breadcrumb"},"inLanguage":"en-US","potentialAction":[{"@type":"ReadAction","target":["https:\/\/stroteam.com\/index.php\/z-mpfarrer\/"]}]},{"@type":"BreadcrumbList","@id":"https:\/\/stroteam.com\/index.php\/z-mpfarrer\/#breadcrumb","itemListElement":[{"@type":"ListItem","position":1,"name":"Accueil","item":"https:\/\/stroteam.com\/"},{"@type":"ListItem","position":2,"name":"Mathias Pfarrer"}]},{"@type":"WebSite","@id":"https:\/\/stroteam.com\/#website","url":"https:\/\/stroteam.com\/","name":"Family Stroh &amp; Co","description":"R\u00e9cits des familles Stroh &amp; Co du Saint Empire Germanique \u00e0 aujourd&#039;hui","potentialAction":[{"@type":"SearchAction","target":{"@type":"EntryPoint","urlTemplate":"https:\/\/stroteam.com\/?s={search_term_string}"},"query-input":"required name=search_term_string"}],"inLanguage":"en-US"}]}},"_links":{"self":[{"href":"https:\/\/stroteam.com\/index.php\/wp-json\/wp\/v2\/pages\/119"}],"collection":[{"href":"https:\/\/stroteam.com\/index.php\/wp-json\/wp\/v2\/pages"}],"about":[{"href":"https:\/\/stroteam.com\/index.php\/wp-json\/wp\/v2\/types\/page"}],"author":[{"embeddable":true,"href":"https:\/\/stroteam.com\/index.php\/wp-json\/wp\/v2\/users\/2"}],"replies":[{"embeddable":true,"href":"https:\/\/stroteam.com\/index.php\/wp-json\/wp\/v2\/comments?post=119"}],"version-history":[{"count":14,"href":"https:\/\/stroteam.com\/index.php\/wp-json\/wp\/v2\/pages\/119\/revisions"}],"predecessor-version":[{"id":2196,"href":"https:\/\/stroteam.com\/index.php\/wp-json\/wp\/v2\/pages\/119\/revisions\/2196"}],"wp:featuredmedia":[{"embeddable":true,"href":"https:\/\/stroteam.com\/index.php\/wp-json\/wp\/v2\/media\/1060"}],"wp:attachment":[{"href":"https:\/\/stroteam.com\/index.php\/wp-json\/wp\/v2\/media?parent=119"}],"curies":[{"name":"wp","href":"https:\/\/api.w.org\/{rel}","templated":true}]}}