{"id":125,"date":"2023-04-01T19:45:23","date_gmt":"2023-04-01T17:45:23","guid":{"rendered":"https:\/\/stroteam.com\/?page_id=125"},"modified":"2023-11-15T21:21:20","modified_gmt":"2023-11-15T20:21:20","slug":"z-madhorst","status":"publish","type":"page","link":"https:\/\/stroteam.com\/index.php\/z-madhorst\/","title":{"rendered":"Madeleine Horst"},"content":{"rendered":"\n<p><strong>Liens et documents concernant Madeleine et Louis Paul Horst, sans hi\u00e9rarchie ou m\u00e9thode de classement.<\/strong><\/p>\n\n\n\n<div class=\"is-layout-flex wp-container-4 wp-block-columns\">\n<div class=\"is-layout-flow wp-block-column\">\n<figure class=\"wp-block-image size-full is-resized\"><a href=\"https:\/\/stroteam.com\/index.php\/z-madhorst\/madeleine-emilie-1\/\"><img decoding=\"async\" loading=\"lazy\" src=\"https:\/\/stroteam.com\/wp-content\/uploads\/2023\/05\/Madeleine-Emilie-1.jpg\" alt=\"\" class=\"wp-image-2617\" width=\"299\" height=\"456\"\/><\/a><figcaption class=\"wp-element-caption\">Madeleine avec sa m\u00e8re \u00c9milie<\/figcaption><\/figure>\n<\/div>\n\n\n\n<div class=\"is-layout-flow wp-block-column\">\n<figure class=\"wp-block-image aligncenter size-full is-resized\"><a href=\"https:\/\/stroteam.com\/index.php\/z-madhorst\/tm4\/\"><img decoding=\"async\" loading=\"lazy\" src=\"https:\/\/stroteam.com\/wp-content\/uploads\/2023\/05\/TM4.jpg\" alt=\"\" class=\"wp-image-2618\" width=\"309\" height=\"442\"\/><\/a><\/figure>\n<\/div>\n\n\n\n<div class=\"is-layout-flow wp-block-column\">\n<figure class=\"wp-block-image size-full is-resized\"><a href=\"https:\/\/stroteam.com\/index.php\/z-madhorst\/madeleine-louis-paul-horst1-1\/\"><img decoding=\"async\" loading=\"lazy\" src=\"https:\/\/stroteam.com\/wp-content\/uploads\/2023\/05\/Madeleine-Louis-Paul-Horst1-1.jpg\" alt=\"\" class=\"wp-image-2620\" width=\"323\" height=\"459\" srcset=\"https:\/\/stroteam.com\/wp-content\/uploads\/2023\/05\/Madeleine-Louis-Paul-Horst1-1.jpg 428w, https:\/\/stroteam.com\/wp-content\/uploads\/2023\/05\/Madeleine-Louis-Paul-Horst1-1-211x300.jpg 211w\" sizes=\"(max-width: 323px) 100vw, 323px\" \/><\/a><figcaption class=\"wp-element-caption\">Madeleine avec Louis Paul Horst (\u00e9px) <\/figcaption><\/figure>\n<\/div>\n<\/div>\n\n\n\n<div class=\"is-layout-flex wp-container-7 wp-block-columns\">\n<div class=\"is-layout-flow wp-block-column\" style=\"flex-basis:33.33%\">\n<figure class=\"wp-block-image aligncenter size-full is-resized\"><a href=\"https:\/\/stroteam.com\/index.php\/z-madhorst\/p4-lpaul\/\"><img decoding=\"async\" loading=\"lazy\" src=\"https:\/\/stroteam.com\/wp-content\/uploads\/2023\/05\/P4-LPaul.jpg\" alt=\"\" class=\"wp-image-2622\" width=\"356\" height=\"475\"\/><\/a><\/figure>\n<\/div>\n\n\n\n<div class=\"is-layout-flow wp-block-column\" style=\"flex-basis:66.66%\">\n<figure class=\"wp-block-image aligncenter size-large is-resized\"><a href=\"https:\/\/stroteam.com\/index.php\/z-madhorst\/img120-recto\/\"><img decoding=\"async\" loading=\"lazy\" src=\"https:\/\/stroteam.com\/wp-content\/uploads\/2023\/05\/img120-Recto-1240x818.jpg\" alt=\"\" class=\"wp-image-2625\" width=\"-133\" height=\"-87\" srcset=\"https:\/\/stroteam.com\/wp-content\/uploads\/2023\/05\/img120-Recto-980x647.jpg 980w, https:\/\/stroteam.com\/wp-content\/uploads\/2023\/05\/img120-Recto-480x317.jpg 480w\" sizes=\"(min-width: 0px) and (max-width: 480px) 480px, (min-width: 481px) and (max-width: 980px) 980px, (min-width: 981px) 1240px, 100vw\" \/><\/a><figcaption class=\"wp-element-caption\">Louis Paul Horst dans son bureau de la rue Jean Sturm vers 1955. Photo Anne Salomon.<\/figcaption><\/figure>\n<\/div>\n<\/div>\n\n\n\n<figure class=\"wp-block-image aligncenter size-large is-resized\"><a href=\"https:\/\/stroteam.com\/index.php\/z-madhorst\/famille-horst_0002-1\/\"><img decoding=\"async\" loading=\"lazy\" src=\"https:\/\/stroteam.com\/wp-content\/uploads\/2023\/08\/Famille-Horst_0002-1-862x1240.jpg\" alt=\"\" class=\"wp-image-3322\" width=\"320\" height=\"460\"\/><\/a><\/figure>\n\n\n\n<h2 class=\"has-large-font-size\" id=\"PodcastTM\"><a href=\"#PodcastTM\">Madeleine Horst raconte<\/a><a href=\"#PoscastTM\"> 1913-1921<\/a><\/h2>\n\n\n\n<p>Tante Madeleine raconte sa p\u00e9riode 1913-1921- elle a 21\/22 ans au d\u00e9but de son r\u00e9cit- de Sainte-Marie-les-mines \u00e0 Dresde avec de d&#8217;humour m\u00eame s&#8217;il s&#8217;agit de captivit\u00e9 et parfois de privation. R\u00e9cit audio qui nous ram\u00e8ne il y a plus de cent ans dans le pass\u00e9  !<\/p>\n\n\n\n<figure id=\"PodcastTM\" class=\"wp-block-audio\"><audio controls src=\"https:\/\/stroteam.com\/wp-content\/uploads\/2023\/11\/Madeleine-Host-raconte-1913-1921-1.mp3\"><\/audio><\/figure>\n\n\n\n<h2 class=\"has-large-font-size\">Liens Madeleine Horst<\/h2>\n\n\n\n<p><a href=\"https:\/\/fr.wikipedia.org\/wiki\/Madeleine_Horst\"><strong>Wikip\u00e9dia<\/strong>.<\/a> Tante Madeleine n&#8217;\u00e9tait pas Alsacienne d&#8217;adoption. A corriger !<\/p>\n\n\n\n<p><strong>Article<\/strong>: <a href=\"https:\/\/stroteam.com\/index.php\/2023\/04\/18\/intimeconviction\/\">Intime Conviction<\/a>.<\/p>\n\n\n\n<p><strong>Article<\/strong>: <a href=\"https:\/\/stroteam.com\/index.php\/2023\/04\/12\/m-horst-ecrit-sur-a-schweitz\">La proph\u00e9tie d\u2019Albert Schweitzer<\/a>.<\/p>\n\n\n\n<p><strong>Article<\/strong>: <a href=\"https:\/\/stroteam.com\/index.php\/2023\/04\/19\/ruee-vers-louest-19\">Ru\u00e9e vers l&#8217;ouest 1918<\/a>.<\/p>\n\n\n\n<p><strong>Article<\/strong>: <a href=\"https:\/\/stroteam.com\/index.php\/2023\/05\/08\/le-jingobiloba\/\">Le Ginkgo Biloba<\/a>.<\/p>\n\n\n\n<p><strong>Article:<\/strong> <a href=\"https:\/\/stroteam.com\/index.php\/2023\/05\/09\/souvenir-denfance\/\">Souvenir d&#8217;Enfance<\/a>.<\/p>\n\n\n\n<p><strong>Article:<\/strong> <a href=\"https:\/\/stroteam.com\/index.php\/2023\/05\/16\/chant-27-de-la-nef-des-fous\/\">Des \u00e9tudes rat\u00e9es.<\/a><\/p>\n\n\n\n<p><strong>Article:<\/strong><a href=\"https:\/\/stroteam.com\/index.php\/2023\/05\/31\/la-nef-des-sages-de-geiler-de-kaysersberg\/\">La Nef des Sages<\/a>.<\/p>\n\n\n\n<h2 class=\"has-large-font-size\">Documents Madeleine Horst<\/h2>\n\n\n\n<figure class=\"wp-block-image size-large is-resized\"><a href=\"https:\/\/stroteam.com\/wp-content\/uploads\/2023\/04\/TM90ans.jpg\"><img decoding=\"async\" loading=\"lazy\" src=\"https:\/\/stroteam.com\/wp-content\/uploads\/2023\/04\/TM90ans-1024x861.jpg\" alt=\"\" class=\"wp-image-1035\" width=\"560\" height=\"471\"\/><\/a><\/figure>\n\n\n\n<figure class=\"wp-block-table\"><table><tbody><tr><td><img decoding=\"async\" loading=\"lazy\" width=\"241\" height=\"348\" class=\"wp-image-1648\" style=\"width: 200px;\" src=\"http:\/\/stroteam.com\/wp-content\/uploads\/2023\/04\/La-Nef.jpg\" alt=\"\" srcset=\"https:\/\/stroteam.com\/wp-content\/uploads\/2023\/04\/La-Nef.jpg 241w, https:\/\/stroteam.com\/wp-content\/uploads\/2023\/04\/La-Nef-208x300.jpg 208w\" sizes=\"(max-width: 241px) 100vw, 241px\" \/><\/td><td><img decoding=\"async\" loading=\"lazy\" width=\"669\" height=\"220\" class=\"wp-image-1647\" style=\"width: 700px;\" src=\"http:\/\/stroteam.com\/wp-content\/uploads\/2023\/04\/Commentaire.jpg\" alt=\"\" srcset=\"http:\/\/stroteam.com\/wp-content\/uploads\/2023\/04\/Commentaire.jpg 669w, http:\/\/stroteam.com\/wp-content\/uploads\/2023\/04\/Commentaire-480x158.jpg 480w\" sizes=\"(min-width: 0px) and (max-width: 480px) 480px, (min-width: 481px) 669px, 100vw\" \/><\/td><\/tr><\/tbody><\/table><figcaption class=\"wp-element-caption\">La Nef des Fous traduit par Madeleine<\/figcaption><\/figure>\n\n\n\n<p><\/p>\n\n\n\n<figure class=\"wp-block-image size-large is-resized\"><a href=\"https:\/\/stroteam.com\/wp-content\/uploads\/2023\/04\/LaNefDesFous.jpg\"><img decoding=\"async\" loading=\"lazy\" src=\"https:\/\/stroteam.com\/wp-content\/uploads\/2023\/04\/LaNefDesFous-1024x910.jpg\" alt=\"\" class=\"wp-image-1671\" width=\"478\" height=\"424\"\/><\/a><\/figure>\n\n\n\n<div class=\"wp-block-file\"><object class=\"wp-block-file__embed\" data=\"https:\/\/stroteam.com\/wp-content\/uploads\/2023\/05\/TM-academie-FR.pdf\" type=\"application\/pdf\" style=\"width:100%;height:600px\" aria-label=\"Embed of TM-academie-FR.\"><\/object><a id=\"wp-block-file--media-47a0adf1-95f9-49e1-b201-fb343a783e83\" href=\"https:\/\/stroteam.com\/wp-content\/uploads\/2023\/05\/TM-academie-FR.pdf\">TM-academie-FR<\/a><\/div>\n\n\n\n<div class=\"wp-block-file\"><object class=\"wp-block-file__embed\" data=\"https:\/\/stroteam.com\/wp-content\/uploads\/2023\/05\/TMartrespect003.pdf\" type=\"application\/pdf\" style=\"width:100%;height:600px\" aria-label=\"Embed of TMartrespect003.\"><\/object><a id=\"wp-block-file--media-47a0adf1-95f9-49e1-b201-fb343a783e83\" href=\"https:\/\/stroteam.com\/wp-content\/uploads\/2023\/05\/TMartrespect003.pdf\">TMartrespect003<\/a><\/div>\n\n\n\n<p class=\"has-medium-font-size\"><strong>Discours lors de la remise du Bretzel d&#8217;Or \u00e0 Madeleine<\/strong><\/p>\n\n\n\n<div class=\"wp-block-file\"><object class=\"wp-block-file__embed\" data=\"https:\/\/stroteam.com\/wp-content\/uploads\/2023\/05\/Bretzel-dOr.pdf\" type=\"application\/pdf\" style=\"width:100%;height:600px\" aria-label=\"Embed of Bretzel-dOr.\"><\/object><a id=\"wp-block-file--media-7d0a50e5-28e9-4761-b928-dd7fc62c5d69\" href=\"https:\/\/stroteam.com\/wp-content\/uploads\/2023\/05\/Bretzel-dOr.pdf\">Bretzel-dOr<\/a><\/div>\n\n\n\n<p class=\"has-medium-font-size\"><strong>Discours lors de la remise de la croix de Chevalier<\/strong><\/p>\n\n\n\n<div class=\"wp-block-file\"><object class=\"wp-block-file__embed\" data=\"http:\/\/stroteam.com\/wp-content\/uploads\/2023\/04\/AllocutionDR-Deco-Chevalier-TM.pdf\" type=\"application\/pdf\" style=\"width:100%;height:688px\" aria-label=\"Embed of AllocutionDR Deco Chevalier TM.\"><\/object><a id=\"wp-block-file--media-8654136b-7ba0-4b3b-94a1-89c06f08aba4\" href=\"http:\/\/stroteam.com\/wp-content\/uploads\/2023\/04\/AllocutionDR-Deco-Chevalier-TM.pdf\">AllocutionDR Deco Chevalier TM<\/a><\/div>\n\n\n\n<div class=\"wp-block-file\"><object class=\"wp-block-file__embed\" data=\"http:\/\/stroteam.com\/wp-content\/uploads\/2023\/04\/TM-Noel-d-Antan.pdf\" type=\"application\/pdf\" style=\"width:100%;height:600px\" aria-label=\"Embed of TM Noel d Antan.\"><\/object><a id=\"wp-block-file--media-8654136b-7ba0-4b3b-94a1-89c06f08aba4\" href=\"http:\/\/stroteam.com\/wp-content\/uploads\/2023\/04\/TM-Noel-d-Antan.pdf\">TM Noel d Antan<\/a><\/div>\n","protected":false},"excerpt":{"rendered":"<p>Liens et documents concernant Madeleine et Louis Paul Horst, sans hi\u00e9rarchie ou m\u00e9thode de classement. Madeleine Horst raconte 1913-1921 Tante Madeleine raconte sa p\u00e9riode 1913-1921- elle a 21\/22 ans au d\u00e9but de son r\u00e9cit- de Sainte-Marie-les-mines \u00e0 Dresde avec de d&#8217;humour m\u00eame s&#8217;il s&#8217;agit de captivit\u00e9 et parfois de privation. R\u00e9cit audio qui nous ram\u00e8ne [&hellip;]<\/p>\n","protected":false},"author":2,"featured_media":1060,"parent":0,"menu_order":0,"comment_status":"closed","ping_status":"closed","template":"","meta":{"_et_pb_use_builder":"off","_et_pb_old_content":"<!-- wp:paragraph -->\n<p><strong>Liens et documents concernant Madeleine Horst, sans hi\u00e9rarchie ou m\u00e9thode de classement.<\/strong><\/p>\n<!-- \/wp:paragraph -->\n\n<!-- wp:heading {\"fontSize\":\"large\"} -->\n<h2 class=\"has-large-font-size\">Liens Madeleine Horst<\/h2>\n<!-- \/wp:heading -->\n\n<!-- wp:table -->\n<figure class=\"wp-block-table\"><table><tbody><tr><td><strong>Wikip\u00e9dia<\/strong>. Tante Madeleine n'\u00e9tait pas Alsacienne d'adoption. A corriger !<\/td><td><a href=\"https:\/\/fr.wikipedia.org\/wiki\/Madeleine_Horst\" target=\"_blank\" rel=\"noreferrer noopener\">https:\/\/fr.wikipedia.org\/wiki\/Madeleine_Horst<\/a><\/td><\/tr><tr><td><strong>Article<\/strong>: Intime Conviction.<\/td><td><a href=\"https:\/\/stroteam.com\/index.php\/2023\/04\/18\/intimeconviction\/\" target=\"_blank\" rel=\"noreferrer noopener\">https:\/\/stroteam.com\/index.php\/2023\/04\/18\/intimeconviction\/<\/a><\/td><\/tr><tr><td><strong>Article<\/strong> La proph\u00e9tie d\u2019Albert Schweitzer.<\/td><td><a href=\"https:\/\/stroteam.com\/index.php\/2023\/04\/12\/m-horst-ecrit-sur-a-schweitzer\/\" target=\"_blank\" rel=\"noreferrer noopener\">https:\/\/stroteam.com\/index.php\/2023\/04\/12\/m-horst-ecrit-sur-a-schweitzer\/<\/a><\/td><\/tr><tr><td><strong>Article<\/strong>: Ru\u00e9e vers l'ouest 1918.<\/td><td><a href=\"https:\/\/stroteam.com\/index.php\/2023\/04\/19\/ruee-vers-louest-1918\/\" target=\"_blank\" rel=\"noreferrer noopener\">https:\/\/stroteam.com\/index.php\/2023\/04\/19\/ruee-vers-louest-1918\/<\/a><\/td><\/tr><tr><td><strong>Article<\/strong>: Le Jingobiloba<\/td><td><a href=\"https:\/\/stroteam.com\/index.php\/2023\/05\/08\/le-jingobiloba\/\">https:\/\/stroteam.com\/index.php\/2023\/05\/08\/le-jingobiloba\/<\/a><\/td><\/tr><\/tbody><\/table><figcaption class=\"wp-element-caption\">Les liens Madeleine Horst<\/figcaption><\/figure>\n<!-- \/wp:table -->\n\n<!-- wp:heading {\"fontSize\":\"large\"} -->\n<h2 class=\"has-large-font-size\">Documents Madeleine Horst<\/h2>\n<!-- \/wp:heading -->\n\n<!-- wp:image {\"id\":1035,\"width\":560,\"height\":471,\"sizeSlug\":\"large\",\"linkDestination\":\"media\",\"style\":{\"color\":{}}} -->\n<figure class=\"wp-block-image size-large is-resized\"><a href=\"https:\/\/stroteam.com\/wp-content\/uploads\/2023\/04\/TM90ans.jpg\"><img src=\"https:\/\/stroteam.com\/wp-content\/uploads\/2023\/04\/TM90ans-1024x861.jpg\" alt=\"\" class=\"wp-image-1035\" width=\"560\" height=\"471\"\/><\/a><\/figure>\n<!-- \/wp:image -->\n\n<!-- wp:table -->\n<figure class=\"wp-block-table\"><table><tbody><tr><td><img class=\"wp-image-1648\" style=\"width: 200px;\" src=\"http:\/\/stroteam.com\/wp-content\/uploads\/2023\/04\/La-Nef.jpg\" alt=\"\"><\/td><td><img class=\"wp-image-1647\" style=\"width: 700px;\" src=\"http:\/\/stroteam.com\/wp-content\/uploads\/2023\/04\/Commentaire.jpg\" alt=\"\"><\/td><\/tr><\/tbody><\/table><figcaption class=\"wp-element-caption\">La Nef des Fous traduit par Madeleine<\/figcaption><\/figure>\n<!-- \/wp:table -->\n\n<!-- wp:paragraph -->\n<p><\/p>\n<!-- \/wp:paragraph -->\n\n<!-- wp:image {\"id\":1671,\"width\":478,\"height\":424,\"sizeSlug\":\"large\",\"linkDestination\":\"media\"} -->\n<figure class=\"wp-block-image size-large is-resized\"><a href=\"https:\/\/stroteam.com\/wp-content\/uploads\/2023\/04\/LaNefDesFous.jpg\"><img src=\"https:\/\/stroteam.com\/wp-content\/uploads\/2023\/04\/LaNefDesFous-1024x910.jpg\" alt=\"\" class=\"wp-image-1671\" width=\"478\" height=\"424\"\/><\/a><\/figure>\n<!-- \/wp:image -->\n\n<!-- wp:file {\"id\":2315,\"href\":\"https:\/\/stroteam.com\/wp-content\/uploads\/2023\/05\/TM-academie-FR.pdf\",\"showDownloadButton\":false,\"displayPreview\":true} -->\n<div class=\"wp-block-file\"><object class=\"wp-block-file__embed\" data=\"https:\/\/stroteam.com\/wp-content\/uploads\/2023\/05\/TM-academie-FR.pdf\" type=\"application\/pdf\" style=\"width:100%;height:600px\" aria-label=\"TM-academie-FR\"><\/object><a id=\"wp-block-file--media-47a0adf1-95f9-49e1-b201-fb343a783e83\" href=\"https:\/\/stroteam.com\/wp-content\/uploads\/2023\/05\/TM-academie-FR.pdf\">TM-academie-FR<\/a><\/div>\n<!-- \/wp:file -->\n\n<!-- wp:file {\"id\":2313,\"href\":\"https:\/\/stroteam.com\/wp-content\/uploads\/2023\/05\/TMartrespect003.pdf\",\"showDownloadButton\":false,\"displayPreview\":true} -->\n<div class=\"wp-block-file\"><object class=\"wp-block-file__embed\" data=\"https:\/\/stroteam.com\/wp-content\/uploads\/2023\/05\/TMartrespect003.pdf\" type=\"application\/pdf\" style=\"width:100%;height:600px\" aria-label=\"TMartrespect003\"><\/object><a id=\"wp-block-file--media-47a0adf1-95f9-49e1-b201-fb343a783e83\" href=\"https:\/\/stroteam.com\/wp-content\/uploads\/2023\/05\/TMartrespect003.pdf\">TMartrespect003<\/a><\/div>\n<!-- \/wp:file -->\n\n<!-- wp:file {\"id\":1859,\"href\":\"http:\/\/stroteam.com\/wp-content\/uploads\/2023\/04\/TM-Noel-d-Antan.pdf\",\"showDownloadButton\":false,\"displayPreview\":true} -->\n<div class=\"wp-block-file\"><object class=\"wp-block-file__embed\" data=\"http:\/\/stroteam.com\/wp-content\/uploads\/2023\/04\/TM-Noel-d-Antan.pdf\" type=\"application\/pdf\" style=\"width:100%;height:600px\" aria-label=\"TM Noel d Antan\"><\/object><a id=\"wp-block-file--media-8654136b-7ba0-4b3b-94a1-89c06f08aba4\" href=\"http:\/\/stroteam.com\/wp-content\/uploads\/2023\/04\/TM-Noel-d-Antan.pdf\">TM Noel d Antan<\/a><\/div>\n<!-- \/wp:file -->\n\n<!-- wp:file {\"id\":1677,\"href\":\"http:\/\/stroteam.com\/wp-content\/uploads\/2023\/04\/AllocutionDR-Deco-Chevalier-TM.pdf\",\"showDownloadButton\":false,\"displayPreview\":true,\"previewHeight\":688} -->\n<div class=\"wp-block-file\"><object class=\"wp-block-file__embed\" data=\"http:\/\/stroteam.com\/wp-content\/uploads\/2023\/04\/AllocutionDR-Deco-Chevalier-TM.pdf\" type=\"application\/pdf\" style=\"width:100%;height:688px\" aria-label=\"AllocutionDR Deco Chevalier TM\"><\/object><a id=\"wp-block-file--media-8654136b-7ba0-4b3b-94a1-89c06f08aba4\" href=\"http:\/\/stroteam.com\/wp-content\/uploads\/2023\/04\/AllocutionDR-Deco-Chevalier-TM.pdf\">AllocutionDR Deco Chevalier TM<\/a><\/div>\n<!-- \/wp:file -->","_et_gb_content_width":""},"yoast_head":"<!-- This site is optimized with the Yoast SEO plugin v20.5 - https:\/\/yoast.com\/wordpress\/plugins\/seo\/ -->\n<title>Madeleine Horst - R\u00e9cits - Oreille en Coin - Louis-Paul Horst<\/title>\n<meta name=\"description\" content=\"Petite et grande histoires de Madelaine Horst racont\u00e9es par des documents type Journaux, interview\" \/>\n<meta name=\"robots\" content=\"index, follow, max-snippet:-1, max-image-preview:large, max-video-preview:-1\" \/>\n<link rel=\"canonical\" href=\"https:\/\/stroteam.com\/index.php\/z-madhorst\/\" \/>\n<meta property=\"og:locale\" content=\"en_US\" \/>\n<meta property=\"og:type\" content=\"article\" \/>\n<meta property=\"og:title\" content=\"Madeleine Horst - R\u00e9cits - Oreille en Coin - Louis-Paul Horst\" \/>\n<meta property=\"og:description\" content=\"Petite et grande histoires de Madelaine Horst racont\u00e9es par des documents type Journaux, interview\" \/>\n<meta property=\"og:url\" content=\"https:\/\/stroteam.com\/index.php\/z-madhorst\/\" \/>\n<meta property=\"og:site_name\" content=\"Family Stroh &amp; Co\" \/>\n<meta property=\"article:modified_time\" content=\"2023-11-15T20:21:20+00:00\" \/>\n<meta property=\"og:image\" content=\"http:\/\/stroteam.com\/wp-content\/uploads\/2023\/04\/loupe.jpg\" \/>\n\t<meta property=\"og:image:width\" content=\"1729\" \/>\n\t<meta property=\"og:image:height\" content=\"300\" \/>\n\t<meta property=\"og:image:type\" content=\"image\/jpeg\" \/>\n<meta name=\"twitter:card\" content=\"summary_large_image\" \/>\n<meta name=\"twitter:label1\" content=\"Est. reading time\" \/>\n\t<meta name=\"twitter:data1\" content=\"3 minutes\" \/>\n<script type=\"application\/ld+json\" class=\"yoast-schema-graph\">{\"@context\":\"https:\/\/schema.org\",\"@graph\":[{\"@type\":\"WebPage\",\"@id\":\"https:\/\/stroteam.com\/index.php\/z-madhorst\/\",\"url\":\"https:\/\/stroteam.com\/index.php\/z-madhorst\/\",\"name\":\"Madeleine Horst - R\u00e9cits - Oreille en Coin - Louis-Paul Horst\",\"isPartOf\":{\"@id\":\"https:\/\/stroteam.com\/#website\"},\"datePublished\":\"2023-04-01T17:45:23+00:00\",\"dateModified\":\"2023-11-15T20:21:20+00:00\",\"description\":\"Petite et grande histoires de Madelaine Horst racont\u00e9es par des documents type Journaux, interview\",\"breadcrumb\":{\"@id\":\"https:\/\/stroteam.com\/index.php\/z-madhorst\/#breadcrumb\"},\"inLanguage\":\"en-US\",\"potentialAction\":[{\"@type\":\"ReadAction\",\"target\":[\"https:\/\/stroteam.com\/index.php\/z-madhorst\/\"]}]},{\"@type\":\"BreadcrumbList\",\"@id\":\"https:\/\/stroteam.com\/index.php\/z-madhorst\/#breadcrumb\",\"itemListElement\":[{\"@type\":\"ListItem\",\"position\":1,\"name\":\"Accueil\",\"item\":\"https:\/\/stroteam.com\/\"},{\"@type\":\"ListItem\",\"position\":2,\"name\":\"Madeleine Horst\"}]},{\"@type\":\"WebSite\",\"@id\":\"https:\/\/stroteam.com\/#website\",\"url\":\"https:\/\/stroteam.com\/\",\"name\":\"Family Stroh &amp; Co\",\"description\":\"R\u00e9cits des familles Stroh &amp; Co du Saint Empire Germanique \u00e0 aujourd&#039;hui\",\"potentialAction\":[{\"@type\":\"SearchAction\",\"target\":{\"@type\":\"EntryPoint\",\"urlTemplate\":\"https:\/\/stroteam.com\/?s={search_term_string}\"},\"query-input\":\"required name=search_term_string\"}],\"inLanguage\":\"en-US\"}]}<\/script>\n<!-- \/ Yoast SEO plugin. -->","yoast_head_json":{"title":"Madeleine Horst - R\u00e9cits - Oreille en Coin - Louis-Paul Horst","description":"Petite et grande histoires de Madelaine Horst racont\u00e9es par des documents type Journaux, interview","robots":{"index":"index","follow":"follow","max-snippet":"max-snippet:-1","max-image-preview":"max-image-preview:large","max-video-preview":"max-video-preview:-1"},"canonical":"https:\/\/stroteam.com\/index.php\/z-madhorst\/","og_locale":"en_US","og_type":"article","og_title":"Madeleine Horst - R\u00e9cits - Oreille en Coin - Louis-Paul Horst","og_description":"Petite et grande histoires de Madelaine Horst racont\u00e9es par des documents type Journaux, interview","og_url":"https:\/\/stroteam.com\/index.php\/z-madhorst\/","og_site_name":"Family Stroh &amp; Co","article_modified_time":"2023-11-15T20:21:20+00:00","og_image":[{"width":1729,"height":300,"url":"http:\/\/stroteam.com\/wp-content\/uploads\/2023\/04\/loupe.jpg","type":"image\/jpeg"}],"twitter_card":"summary_large_image","twitter_misc":{"Est. reading time":"3 minutes"},"schema":{"@context":"https:\/\/schema.org","@graph":[{"@type":"WebPage","@id":"https:\/\/stroteam.com\/index.php\/z-madhorst\/","url":"https:\/\/stroteam.com\/index.php\/z-madhorst\/","name":"Madeleine Horst - R\u00e9cits - Oreille en Coin - Louis-Paul Horst","isPartOf":{"@id":"https:\/\/stroteam.com\/#website"},"datePublished":"2023-04-01T17:45:23+00:00","dateModified":"2023-11-15T20:21:20+00:00","description":"Petite et grande histoires de Madelaine Horst racont\u00e9es par des documents type Journaux, interview","breadcrumb":{"@id":"https:\/\/stroteam.com\/index.php\/z-madhorst\/#breadcrumb"},"inLanguage":"en-US","potentialAction":[{"@type":"ReadAction","target":["https:\/\/stroteam.com\/index.php\/z-madhorst\/"]}]},{"@type":"BreadcrumbList","@id":"https:\/\/stroteam.com\/index.php\/z-madhorst\/#breadcrumb","itemListElement":[{"@type":"ListItem","position":1,"name":"Accueil","item":"https:\/\/stroteam.com\/"},{"@type":"ListItem","position":2,"name":"Madeleine Horst"}]},{"@type":"WebSite","@id":"https:\/\/stroteam.com\/#website","url":"https:\/\/stroteam.com\/","name":"Family Stroh &amp; Co","description":"R\u00e9cits des familles Stroh &amp; Co du Saint Empire Germanique \u00e0 aujourd&#039;hui","potentialAction":[{"@type":"SearchAction","target":{"@type":"EntryPoint","urlTemplate":"https:\/\/stroteam.com\/?s={search_term_string}"},"query-input":"required name=search_term_string"}],"inLanguage":"en-US"}]}},"_links":{"self":[{"href":"https:\/\/stroteam.com\/index.php\/wp-json\/wp\/v2\/pages\/125"}],"collection":[{"href":"https:\/\/stroteam.com\/index.php\/wp-json\/wp\/v2\/pages"}],"about":[{"href":"https:\/\/stroteam.com\/index.php\/wp-json\/wp\/v2\/types\/page"}],"author":[{"embeddable":true,"href":"https:\/\/stroteam.com\/index.php\/wp-json\/wp\/v2\/users\/2"}],"replies":[{"embeddable":true,"href":"https:\/\/stroteam.com\/index.php\/wp-json\/wp\/v2\/comments?post=125"}],"version-history":[{"count":86,"href":"https:\/\/stroteam.com\/index.php\/wp-json\/wp\/v2\/pages\/125\/revisions"}],"predecessor-version":[{"id":3999,"href":"https:\/\/stroteam.com\/index.php\/wp-json\/wp\/v2\/pages\/125\/revisions\/3999"}],"wp:featuredmedia":[{"embeddable":true,"href":"https:\/\/stroteam.com\/index.php\/wp-json\/wp\/v2\/media\/1060"}],"wp:attachment":[{"href":"https:\/\/stroteam.com\/index.php\/wp-json\/wp\/v2\/media?parent=125"}],"curies":[{"name":"wp","href":"https:\/\/api.w.org\/{rel}","templated":true}]}}