{"id":147,"date":"2023-04-01T21:07:10","date_gmt":"2023-04-01T19:07:10","guid":{"rendered":"https:\/\/stroteam.com\/?page_id=147"},"modified":"2023-08-09T22:51:05","modified_gmt":"2023-08-09T20:51:05","slug":"z-dannenberger","status":"publish","type":"page","link":"https:\/\/stroteam.com\/index.php\/z-dannenberger\/","title":{"rendered":"Philippe Dannenberger"},"content":{"rendered":"\n<figure class=\"wp-block-image size-full is-resized\"><img decoding=\"async\" loading=\"lazy\" src=\"http:\/\/stroteam.com\/wp-content\/uploads\/2023\/04\/tool-g56ed55be9_640.png\" alt=\"\" class=\"wp-image-1715\" width=\"480\" height=\"447\"\/><\/figure>\n\n\n\n<p>Un r\u00e9sum\u00e9 assez formel du personnage <a href=\"https:\/\/www.alsace-histoire.org\/netdba\/dannenberger-philippe-frederic\/\"> Philippe Dannenberger<\/a> sur le site des &#8220;F\u00e9d\u00e9ration des Soci\u00e9t\u00e9s d\u2019Histoire et d\u2019Arch\u00e9ologie d\u2019Alsace&#8221;<\/p>\n\n\n\n<figure class=\"wp-block-image size-full is-resized\"><img decoding=\"async\" loading=\"lazy\" src=\"https:\/\/stroteam.com\/wp-content\/uploads\/2023\/04\/PH.Dann-2.png\" alt=\"\" class=\"wp-image-1058\" width=\"469\" height=\"566\"\/><\/figure>\n\n\n\n<p><\/p>\n","protected":false},"excerpt":{"rendered":"<p>Un r\u00e9sum\u00e9 assez formel du personnage Philippe Dannenberger sur le site des &#8220;F\u00e9d\u00e9ration des Soci\u00e9t\u00e9s d\u2019Histoire et d\u2019Arch\u00e9ologie d\u2019Alsace&#8221;<\/p>\n","protected":false},"author":2,"featured_media":1060,"parent":0,"menu_order":0,"comment_status":"closed","ping_status":"closed","template":"","meta":{"_et_pb_use_builder":"off","_et_pb_old_content":"","_et_gb_content_width":""},"yoast_head":"<!-- This site is optimized with the Yoast SEO plugin v20.5 - https:\/\/yoast.com\/wordpress\/plugins\/seo\/ -->\n<title>Dannenberger - SOUFFELWEYERSHEIM - Prince de Wurtemberg. - Schiltigheim - Otages - Sophie Rubsamen<\/title>\n<meta name=\"description\" content=\"Pasteur de Vendenheim, Philippe Dannenberger sauva la vie de 18 otages catholiques.\" \/>\n<meta name=\"robots\" content=\"index, follow, max-snippet:-1, max-image-preview:large, max-video-preview:-1\" \/>\n<link rel=\"canonical\" href=\"https:\/\/stroteam.com\/index.php\/z-dannenberger\/\" \/>\n<meta property=\"og:locale\" content=\"en_US\" \/>\n<meta property=\"og:type\" content=\"article\" \/>\n<meta property=\"og:title\" content=\"Dannenberger - SOUFFELWEYERSHEIM - Prince de Wurtemberg. - Schiltigheim - Otages - Sophie Rubsamen\" \/>\n<meta property=\"og:description\" content=\"Pasteur de Vendenheim, Philippe Dannenberger sauva la vie de 18 otages catholiques.\" \/>\n<meta property=\"og:url\" content=\"https:\/\/stroteam.com\/index.php\/z-dannenberger\/\" \/>\n<meta property=\"og:site_name\" content=\"Family Stroh &amp; Co\" \/>\n<meta property=\"article:modified_time\" content=\"2023-08-09T20:51:05+00:00\" \/>\n<meta property=\"og:image\" content=\"http:\/\/stroteam.com\/wp-content\/uploads\/2023\/04\/loupe.jpg\" \/>\n\t<meta property=\"og:image:width\" content=\"1729\" \/>\n\t<meta property=\"og:image:height\" content=\"300\" \/>\n\t<meta property=\"og:image:type\" content=\"image\/jpeg\" \/>\n<meta name=\"twitter:card\" content=\"summary_large_image\" \/>\n<meta name=\"twitter:label1\" content=\"Est. reading time\" \/>\n\t<meta name=\"twitter:data1\" content=\"1 minute\" \/>\n<script type=\"application\/ld+json\" class=\"yoast-schema-graph\">{\"@context\":\"https:\/\/schema.org\",\"@graph\":[{\"@type\":\"WebPage\",\"@id\":\"https:\/\/stroteam.com\/index.php\/z-dannenberger\/\",\"url\":\"https:\/\/stroteam.com\/index.php\/z-dannenberger\/\",\"name\":\"Dannenberger - SOUFFELWEYERSHEIM - Prince de Wurtemberg. - Schiltigheim - Otages - Sophie Rubsamen\",\"isPartOf\":{\"@id\":\"https:\/\/stroteam.com\/#website\"},\"datePublished\":\"2023-04-01T19:07:10+00:00\",\"dateModified\":\"2023-08-09T20:51:05+00:00\",\"description\":\"Pasteur de Vendenheim, Philippe Dannenberger sauva la vie de 18 otages catholiques.\",\"breadcrumb\":{\"@id\":\"https:\/\/stroteam.com\/index.php\/z-dannenberger\/#breadcrumb\"},\"inLanguage\":\"en-US\",\"potentialAction\":[{\"@type\":\"ReadAction\",\"target\":[\"https:\/\/stroteam.com\/index.php\/z-dannenberger\/\"]}]},{\"@type\":\"BreadcrumbList\",\"@id\":\"https:\/\/stroteam.com\/index.php\/z-dannenberger\/#breadcrumb\",\"itemListElement\":[{\"@type\":\"ListItem\",\"position\":1,\"name\":\"Accueil\",\"item\":\"https:\/\/stroteam.com\/\"},{\"@type\":\"ListItem\",\"position\":2,\"name\":\"Philippe Dannenberger\"}]},{\"@type\":\"WebSite\",\"@id\":\"https:\/\/stroteam.com\/#website\",\"url\":\"https:\/\/stroteam.com\/\",\"name\":\"Family Stroh &amp; Co\",\"description\":\"R\u00e9cits des familles Stroh &amp; Co du Saint Empire Germanique \u00e0 aujourd&#039;hui\",\"potentialAction\":[{\"@type\":\"SearchAction\",\"target\":{\"@type\":\"EntryPoint\",\"urlTemplate\":\"https:\/\/stroteam.com\/?s={search_term_string}\"},\"query-input\":\"required name=search_term_string\"}],\"inLanguage\":\"en-US\"}]}<\/script>\n<!-- \/ Yoast SEO plugin. -->","yoast_head_json":{"title":"Dannenberger - SOUFFELWEYERSHEIM - Prince de Wurtemberg. - Schiltigheim - Otages - Sophie Rubsamen","description":"Pasteur de Vendenheim, Philippe Dannenberger sauva la vie de 18 otages catholiques.","robots":{"index":"index","follow":"follow","max-snippet":"max-snippet:-1","max-image-preview":"max-image-preview:large","max-video-preview":"max-video-preview:-1"},"canonical":"https:\/\/stroteam.com\/index.php\/z-dannenberger\/","og_locale":"en_US","og_type":"article","og_title":"Dannenberger - SOUFFELWEYERSHEIM - Prince de Wurtemberg. - Schiltigheim - Otages - Sophie Rubsamen","og_description":"Pasteur de Vendenheim, Philippe Dannenberger sauva la vie de 18 otages catholiques.","og_url":"https:\/\/stroteam.com\/index.php\/z-dannenberger\/","og_site_name":"Family Stroh &amp; Co","article_modified_time":"2023-08-09T20:51:05+00:00","og_image":[{"width":1729,"height":300,"url":"http:\/\/stroteam.com\/wp-content\/uploads\/2023\/04\/loupe.jpg","type":"image\/jpeg"}],"twitter_card":"summary_large_image","twitter_misc":{"Est. reading time":"1 minute"},"schema":{"@context":"https:\/\/schema.org","@graph":[{"@type":"WebPage","@id":"https:\/\/stroteam.com\/index.php\/z-dannenberger\/","url":"https:\/\/stroteam.com\/index.php\/z-dannenberger\/","name":"Dannenberger - SOUFFELWEYERSHEIM - Prince de Wurtemberg. - Schiltigheim - Otages - Sophie Rubsamen","isPartOf":{"@id":"https:\/\/stroteam.com\/#website"},"datePublished":"2023-04-01T19:07:10+00:00","dateModified":"2023-08-09T20:51:05+00:00","description":"Pasteur de Vendenheim, Philippe Dannenberger sauva la vie de 18 otages catholiques.","breadcrumb":{"@id":"https:\/\/stroteam.com\/index.php\/z-dannenberger\/#breadcrumb"},"inLanguage":"en-US","potentialAction":[{"@type":"ReadAction","target":["https:\/\/stroteam.com\/index.php\/z-dannenberger\/"]}]},{"@type":"BreadcrumbList","@id":"https:\/\/stroteam.com\/index.php\/z-dannenberger\/#breadcrumb","itemListElement":[{"@type":"ListItem","position":1,"name":"Accueil","item":"https:\/\/stroteam.com\/"},{"@type":"ListItem","position":2,"name":"Philippe Dannenberger"}]},{"@type":"WebSite","@id":"https:\/\/stroteam.com\/#website","url":"https:\/\/stroteam.com\/","name":"Family Stroh &amp; Co","description":"R\u00e9cits des familles Stroh &amp; Co du Saint Empire Germanique \u00e0 aujourd&#039;hui","potentialAction":[{"@type":"SearchAction","target":{"@type":"EntryPoint","urlTemplate":"https:\/\/stroteam.com\/?s={search_term_string}"},"query-input":"required name=search_term_string"}],"inLanguage":"en-US"}]}},"_links":{"self":[{"href":"https:\/\/stroteam.com\/index.php\/wp-json\/wp\/v2\/pages\/147"}],"collection":[{"href":"https:\/\/stroteam.com\/index.php\/wp-json\/wp\/v2\/pages"}],"about":[{"href":"https:\/\/stroteam.com\/index.php\/wp-json\/wp\/v2\/types\/page"}],"author":[{"embeddable":true,"href":"https:\/\/stroteam.com\/index.php\/wp-json\/wp\/v2\/users\/2"}],"replies":[{"embeddable":true,"href":"https:\/\/stroteam.com\/index.php\/wp-json\/wp\/v2\/comments?post=147"}],"version-history":[{"count":13,"href":"https:\/\/stroteam.com\/index.php\/wp-json\/wp\/v2\/pages\/147\/revisions"}],"predecessor-version":[{"id":3505,"href":"https:\/\/stroteam.com\/index.php\/wp-json\/wp\/v2\/pages\/147\/revisions\/3505"}],"wp:featuredmedia":[{"embeddable":true,"href":"https:\/\/stroteam.com\/index.php\/wp-json\/wp\/v2\/media\/1060"}],"wp:attachment":[{"href":"https:\/\/stroteam.com\/index.php\/wp-json\/wp\/v2\/media?parent=147"}],"curies":[{"name":"wp","href":"https:\/\/api.w.org\/{rel}","templated":true}]}}