{"id":4034,"date":"2024-05-17T14:04:44","date_gmt":"2024-05-17T12:04:44","guid":{"rendered":"https:\/\/stroteam.com\/?page_id=4034"},"modified":"2024-05-17T23:27:13","modified_gmt":"2024-05-17T21:27:13","slug":"fernand-barthelemy","status":"publish","type":"page","link":"https:\/\/stroteam.com\/index.php\/fernand-barthelemy\/","title":{"rendered":"Fernand Barth\u00e9l\u00e9my"},"content":{"rendered":"\n<p>Fernand (1911-1940) , cousin favori de &#8220;Maryse&#8221; Stroh n\u00e9e Baudoin, dans les ann\u00e9es 1930, et parrain de Ren\u00e9 Stroh.<\/p>\n\n\n\n<h2 class=\"has-large-font-size\">La lettre du &#8220;dessous le parquet&#8221;<\/h2>\n\n\n\n<p>Cette page a \u00e9t\u00e9 cr\u00e9\u00e9e en Mai 2024 suite \u00e0 la belle histoire retrac\u00e9e ci-dessous:<\/p>\n\n\n\n<p>En Mai 2024 une charmante Strasbourgeoise a d\u00e9cid\u00e9 de refaire le tr\u00e8s vieux parquet de son appartement du boulevard d&#8217;Anvers. Ses enfants lui ont dit on va peut \u00eatre trouver un tr\u00e9sor ? Pas de tr\u00e9sor d\u00e9couvert, mais une vielle lettre de 1936 dans son enveloppe, \u00e9crite de Saigon (cachet de la poste Cochinchine, le 8 Avril) par un cousin de Maryse (n\u00e9e Baudoin) et Jean-Louis Stroh pour les f\u00e9liciter de la naissance de la petite Denise. Cette Strasbourgeoise opini\u00e2tre a retrouv\u00e9 Jean-louis Stroh sur notre site et nous a envoy\u00e9 le scan de cette lettre qui a pass\u00e9 presque 90 ans sous un parquet. La lettre ci-dessous:<\/p>\n\n\n\n<figure class=\"wp-block-image size-large\"><a href=\"https:\/\/stroteam.com\/index.php\/fernand-barthelemy\/lsaigon-lightlightlight\/\"><img decoding=\"async\" loading=\"lazy\" width=\"828\" height=\"1240\" src=\"https:\/\/stroteam.com\/wp-content\/uploads\/2024\/05\/Lsaigon-Lightlightlight-828x1240.jpg\" alt=\"\" class=\"wp-image-4088\"\/><\/a><\/figure>\n\n\n\n<figure class=\"wp-block-image aligncenter size-large is-resized\"><a href=\"https:\/\/stroteam.com\/index.php\/fernand-barthelemy\/lenveloppe-lightlight\/\"><img decoding=\"async\" loading=\"lazy\" src=\"https:\/\/stroteam.com\/wp-content\/uploads\/2024\/05\/Lenveloppe-lightlight-1240x965.jpg\" alt=\"\" class=\"wp-image-4080\" width=\"533\" height=\"414\"\/><\/a><figcaption class=\"wp-element-caption\">Enveloppe du &#8220;dessous du parquet&#8221;<\/figcaption><\/figure>\n\n\n\n<p>D\u00e9cryptage de la lettre: le cousin est <strong>Fernand<\/strong> Ren\u00e9 Adrien Barth\u00e9l\u00e9my qui \u00e9crit du p\u00e9trolier &#8220;militaire&#8221; Le Loing sur lequel il servait en 1936. F\u00e9licitation pour la naissance de Denise mais aussi message plein d&#8217;humour \u00e0 son filleul Ren\u00e9 Stroh, ag\u00e9 de 4 ans qui a pu prendre connaissance de cette lettre \u00e0 92 ans en Mai 2024  , 88 ans apr\u00e8s l&#8217;\u00e9criture de la lettre ! <\/p>\n\n\n\n<figure class=\"wp-block-image aligncenter size-full is-resized\"><a href=\"https:\/\/stroteam.com\/index.php\/fernand-barthelemy\/fb\/\"><img decoding=\"async\" loading=\"lazy\" src=\"https:\/\/stroteam.com\/wp-content\/uploads\/2024\/05\/FB.jpg\" alt=\"\" class=\"wp-image-4048\" width=\"321\" height=\"385\"\/><\/a><figcaption class=\"wp-element-caption\">Fernand \u00e0 20 ans (Denise doit avoir une meilleure photo ?)<\/figcaption><\/figure>\n\n\n\n<h2 class=\"has-large-font-size\">Sa biographie &#8220;militaire&#8221; et Mers-el-Kebir.<\/h2>\n\n\n\n<p>D&#8217;une famille de militaires de la marine, il d\u00e9c\u00e8de tragiquement \u00e0 29 ans en 1940 dans l&#8217;attaque de Mers-el-k\u00e9bir (Alg\u00e9rie) .<\/p>\n\n\n\n<p><a href=\"http:\/\/ecole.nav.traditions.free.fr\/officiers_barthelemy_fernand.htm\">Fiche de Fernand sur le site &#8220;Parcours de vie dans la royale&#8221;<\/a><\/p>\n\n\n\n<p><a href=\"http:\/\/memorial-aen.fr\/detail.php?&amp;id=919\">Fiche  d\u00e9taill\u00e9e sur le contexte de son d\u00e9c\u00e8s sur le cuirass\u00e9 Bretagne lors de l&#8217;attaque de Mers-el-k\u00e9bir.<\/a><\/p>\n\n\n\n<p><a href=\"https:\/\/www.youtube.com\/watch?v=83TFjskcQDU\">Video &#8220;Mers El K\u00e9bir. Ce qui s&#8217;est vraiment pass\u00e9 !&#8221;<\/a><\/p>\n\n\n\n<p><a href=\"https:\/\/fr.wikipedia.org\/wiki\/Attaque_de_Mers_el-K%C3%A9bir\">Wikipedia de l&#8217;attaque de Mers-el-K\u00e9bir<\/a><\/p>\n\n\n\n<h2 class=\"has-large-font-size\">Photos de Fernand et de sa famille<\/h2>\n\n\n\n<p>Voir aussi sur le site, la page consacr\u00e9e \u00e0 Pierre (son fr\u00e8re) et Marthe Barth\u00e9l\u00e9my<\/p>\n\n\n\n<figure class=\"wp-block-image aligncenter size-large is-resized\"><a href=\"https:\/\/stroteam.com\/index.php\/fernand-barthelemy\/famille-lightlight-nom\/\"><img decoding=\"async\" loading=\"lazy\" src=\"https:\/\/stroteam.com\/wp-content\/uploads\/2024\/05\/famille-lightlight-nom-788x1240.jpg\" alt=\"\" class=\"wp-image-4055\" width=\"-12\" height=\"-18\"\/><\/a><figcaption class=\"wp-element-caption\">Les Barth\u00e9l\u00e9my en 1919, Fernand \u00e0 droite<\/figcaption><\/figure>\n\n\n\n<div class=\"is-layout-flex wp-container-3 wp-block-columns alignfull are-vertically-aligned-center\">\n<div class=\"is-layout-flow wp-block-column is-vertically-aligned-center\" style=\"flex-basis:33.33%\">\n<figure class=\"wp-block-image size-large is-resized\"><a href=\"https:\/\/stroteam.com\/index.php\/fernand-barthelemy\/emilie-lightlight\/\"><img decoding=\"async\" loading=\"lazy\" src=\"https:\/\/stroteam.com\/wp-content\/uploads\/2024\/05\/emilie-lightlight-828x1240.jpg\" alt=\"\" class=\"wp-image-4059\" width=\"464\" height=\"695\"\/><\/a><\/figure>\n<\/div>\n\n\n\n<div class=\"is-layout-flow wp-block-column is-vertically-aligned-center\" style=\"flex-basis:66.66%\">\n<figure class=\"wp-block-image aligncenter size-full is-resized\"><a href=\"https:\/\/stroteam.com\/index.php\/fernand-barthelemy\/emilie-zoom\/\"><img decoding=\"async\" loading=\"lazy\" src=\"https:\/\/stroteam.com\/wp-content\/uploads\/2024\/05\/emilie-zoom.jpg\" alt=\"\" class=\"wp-image-4060\" width=\"663\" height=\"442\"\/><\/a><figcaption class=\"wp-element-caption\">Emilie, m\u00e8re de Fernand et Tante de Denise qui lui trouvait une chevelure extraordinaire de 2 m\u00e8tres de long!<\/figcaption><\/figure>\n<\/div>\n<\/div>\n\n\n\n<h2 class=\"has-large-font-size\">G\u00e9n\u00e9alogiquement<\/h2>\n\n\n\n<p>Marie-Louise , la m\u00e8re d&#8217;Andr\u00e9, &#8220;Maryse&#8221; et Adrienne \u00e9tait la s\u0153ur ain\u00e9e d&#8217;Emilie Borel. Fernand \u00e9tait donc cousin germain. <\/p>\n\n\n\n<p><\/p>\n\n\n\n<figure class=\"wp-block-image size-large\"><a href=\"https:\/\/stroteam.com\/index.php\/fernand-barthelemy\/extraitgeneav2\/\"><img decoding=\"async\" loading=\"lazy\" width=\"1240\" height=\"460\" src=\"https:\/\/stroteam.com\/wp-content\/uploads\/2024\/05\/extraitGENEAv2-1240x460.jpg\" alt=\"\" class=\"wp-image-4102\" srcset=\"https:\/\/stroteam.com\/wp-content\/uploads\/2024\/05\/extraitGENEAv2-980x363.jpg 980w, https:\/\/stroteam.com\/wp-content\/uploads\/2024\/05\/extraitGENEAv2-480x178.jpg 480w\" sizes=\"(min-width: 0px) and (max-width: 480px) 480px, (min-width: 481px) and (max-width: 980px) 980px, (min-width: 981px) 1240px, 100vw\" \/><\/a><figcaption class=\"wp-element-caption\">Extrait de G\u00e9n\u00e9alogie<\/figcaption><\/figure>\n","protected":false},"excerpt":{"rendered":"<p>Fernand (1911-1940) , cousin favori de &#8220;Maryse&#8221; Stroh n\u00e9e Baudoin, dans les ann\u00e9es 1930, et parrain de Ren\u00e9 Stroh. La lettre du &#8220;dessous le parquet&#8221; Cette page a \u00e9t\u00e9 cr\u00e9\u00e9e en Mai 2024 suite \u00e0 la belle histoire retrac\u00e9e ci-dessous: En Mai 2024 une charmante Strasbourgeoise a d\u00e9cid\u00e9 de refaire le tr\u00e8s vieux parquet de [&hellip;]<\/p>\n","protected":false},"author":2,"featured_media":4070,"parent":0,"menu_order":0,"comment_status":"closed","ping_status":"closed","template":"","meta":{"_et_pb_use_builder":"off","_et_pb_old_content":"<!-- wp:paragraph -->\n<p>Fernand (1911-1940) , cousin favori de \"Maryse\" Stroh n\u00e9e Baudoin, dans les ann\u00e9es 1930, et parrain de Ren\u00e9 Stroh.<\/p>\n<!-- \/wp:paragraph -->\n\n<!-- wp:heading {\"fontSize\":\"large\"} -->\n<h2 class=\"has-large-font-size\">La lettre du \"dessous le parquet\"<\/h2>\n<!-- \/wp:heading -->\n\n<!-- wp:paragraph -->\n<p>Cette page a \u00e9t\u00e9 cr\u00e9\u00e9e en Mai 2024 suite \u00e0 la belle histoire retrac\u00e9e ci-dessous:<\/p>\n<!-- \/wp:paragraph -->\n\n<!-- wp:paragraph -->\n<p>En Mai 2024 une charmante Strasbourgeoise a d\u00e9cid\u00e9 de refaire le tr\u00e8s vieux parquet de son appartement boulevard d'Anvers. Ses enfants lui ont dit on va peut \u00eatre trouver un tr\u00e9sor ? Pas de tr\u00e9sor d\u00e9couvert, mais une vielle lettre de 1936 dans son enveloppe, \u00e9crite de Saigon (cachet de la poste Cochinchine, le 8 Avril) par un cousin de Maryse (n\u00e9e Baudoin) et Jean-Louis Stroh pour les f\u00e9liciter de la naissance de la petite Denise. Cette Strasbourgeoise opini\u00e2tre a retrouv\u00e9 Jean-louis Stroh sur notre site et nous a envoy\u00e9 le scan de cette lettre qui a pass\u00e9 presque 90 ans sous un parquet. La lettre ci-dessous:<\/p>\n<!-- \/wp:paragraph -->\n\n<!-- wp:image {\"id\":4088,\"sizeSlug\":\"large\",\"linkDestination\":\"attachment\"} -->\n<figure class=\"wp-block-image size-large\"><a href=\"https:\/\/stroteam.com\/index.php\/fernand-barthelemy\/lsaigon-lightlightlight\/\"><img src=\"https:\/\/stroteam.com\/wp-content\/uploads\/2024\/05\/Lsaigon-Lightlightlight-828x1240.jpg\" alt=\"\" class=\"wp-image-4088\"\/><\/a><\/figure>\n<!-- \/wp:image -->\n\n<!-- wp:image {\"align\":\"center\",\"id\":4080,\"width\":533,\"height\":414,\"sizeSlug\":\"large\",\"linkDestination\":\"attachment\"} -->\n<figure class=\"wp-block-image aligncenter size-large is-resized\"><a href=\"https:\/\/stroteam.com\/index.php\/fernand-barthelemy\/lenveloppe-lightlight\/\"><img src=\"https:\/\/stroteam.com\/wp-content\/uploads\/2024\/05\/Lenveloppe-lightlight-1240x965.jpg\" alt=\"\" class=\"wp-image-4080\" width=\"533\" height=\"414\"\/><\/a><figcaption class=\"wp-element-caption\">Enveloppe du \"dessous du parquet\"<\/figcaption><\/figure>\n<!-- \/wp:image -->\n\n<!-- wp:paragraph -->\n<p>D\u00e9cryptage de la lettre: le cousin est <strong>Fernand<\/strong> Ren\u00e9 Adrien Barth\u00e9l\u00e9my qui \u00e9crit du p\u00e9trolier \"militaire\" Le Loing sur lequel il servait en 1936. F\u00e9licitation pour la naissance de Denise mais aussi message plein d'humour \u00e0 son filleul Ren\u00e9 Stroh, ag\u00e9 de 4 ans qui a pu prendre connaissance de cette lettre \u00e0 92 ans en Mai 2024  , 88 ans apr\u00e8s l'\u00e9criture de la lettre ! <\/p>\n<!-- \/wp:paragraph -->\n\n<!-- wp:image {\"align\":\"center\",\"id\":4048,\"width\":321,\"height\":385,\"sizeSlug\":\"full\",\"linkDestination\":\"attachment\"} -->\n<figure class=\"wp-block-image aligncenter size-full is-resized\"><a href=\"https:\/\/stroteam.com\/index.php\/fernand-barthelemy\/fb\/\"><img src=\"https:\/\/stroteam.com\/wp-content\/uploads\/2024\/05\/FB.jpg\" alt=\"\" class=\"wp-image-4048\" width=\"321\" height=\"385\"\/><\/a><figcaption class=\"wp-element-caption\">Fernand \u00e0 20 ans (Denise doit avoir une meilleure photo ?)<\/figcaption><\/figure>\n<!-- \/wp:image -->\n\n<!-- wp:heading {\"fontSize\":\"large\"} -->\n<h2 class=\"has-large-font-size\">Sa biographie \"militaire\" et Mers-el-Kebir.<\/h2>\n<!-- \/wp:heading -->\n\n<!-- wp:paragraph -->\n<p>D'une famille de militaires de la marine, il d\u00e9c\u00e8de tragiquement \u00e0 29 ans en 1940 dans l'attaque de Mers-el-k\u00e9bir (Alg\u00e9rie) .<\/p>\n<!-- \/wp:paragraph -->\n\n<!-- wp:paragraph -->\n<p><a href=\"http:\/\/ecole.nav.traditions.free.fr\/officiers_barthelemy_fernand.htm\">Fiche de Fernand sur le site \"Parcours de vie dans la royale\"<\/a><\/p>\n<!-- \/wp:paragraph -->\n\n<!-- wp:paragraph -->\n<p><a href=\"http:\/\/memorial-aen.fr\/detail.php?&amp;id=919\">Fiche  d\u00e9taill\u00e9e sur le contexte de son d\u00e9c\u00e8s sur le cuirass\u00e9 Bretagne lors de l'attaque de Mers-el-k\u00e9bir.<\/a><\/p>\n<!-- \/wp:paragraph -->\n\n<!-- wp:paragraph -->\n<p><a href=\"https:\/\/fr.wikipedia.org\/wiki\/Attaque_de_Mers_el-K%C3%A9bir\">Wikipedia de l'attaque de Mers-el-K\u00e9bir<\/a><\/p>\n<!-- \/wp:paragraph -->\n\n<!-- wp:paragraph -->\n<p><a href=\"https:\/\/www.youtube.com\/watch?v=83TFjskcQDU\">Video \"Mers El K\u00e9bir. Ce qui s'est vraiment pass\u00e9 !\"<\/a><\/p>\n<!-- \/wp:paragraph -->\n\n<!-- wp:heading {\"fontSize\":\"large\"} -->\n<h2 class=\"has-large-font-size\">Photos de Fernand et de sa famille<\/h2>\n<!-- \/wp:heading -->\n\n<!-- wp:paragraph -->\n<p>Voir aussi sur le site, la page consacr\u00e9e \u00e0 Pierre (son fr\u00e8re) et Marthe Barth\u00e9l\u00e9my<\/p>\n<!-- \/wp:paragraph -->\n\n<!-- wp:image {\"align\":\"center\",\"id\":4055,\"width\":-12,\"height\":-18,\"sizeSlug\":\"large\",\"linkDestination\":\"attachment\"} -->\n<figure class=\"wp-block-image aligncenter size-large is-resized\"><a href=\"https:\/\/stroteam.com\/index.php\/fernand-barthelemy\/famille-lightlight-nom\/\"><img src=\"https:\/\/stroteam.com\/wp-content\/uploads\/2024\/05\/famille-lightlight-nom-788x1240.jpg\" alt=\"\" class=\"wp-image-4055\" width=\"-12\" height=\"-18\"\/><\/a><figcaption class=\"wp-element-caption\">Les Barth\u00e9l\u00e9my en 1919, Fernand \u00e0 droite<\/figcaption><\/figure>\n<!-- \/wp:image -->\n\n<!-- wp:columns {\"verticalAlignment\":\"center\",\"align\":\"full\"} -->\n<div class=\"wp-block-columns alignfull are-vertically-aligned-center\"><!-- wp:column {\"verticalAlignment\":\"center\",\"width\":\"33.33%\"} -->\n<div class=\"wp-block-column is-vertically-aligned-center\" style=\"flex-basis:33.33%\"><!-- wp:image {\"id\":4059,\"width\":464,\"height\":695,\"sizeSlug\":\"large\",\"linkDestination\":\"attachment\"} -->\n<figure class=\"wp-block-image size-large is-resized\"><a href=\"https:\/\/stroteam.com\/index.php\/fernand-barthelemy\/emilie-lightlight\/\"><img src=\"https:\/\/stroteam.com\/wp-content\/uploads\/2024\/05\/emilie-lightlight-828x1240.jpg\" alt=\"\" class=\"wp-image-4059\" width=\"464\" height=\"695\"\/><\/a><\/figure>\n<!-- \/wp:image --><\/div>\n<!-- \/wp:column -->\n\n<!-- wp:column {\"verticalAlignment\":\"center\",\"width\":\"66.66%\"} -->\n<div class=\"wp-block-column is-vertically-aligned-center\" style=\"flex-basis:66.66%\"><!-- wp:image {\"align\":\"center\",\"id\":4060,\"width\":663,\"height\":442,\"sizeSlug\":\"full\",\"linkDestination\":\"attachment\"} -->\n<figure class=\"wp-block-image aligncenter size-full is-resized\"><a href=\"https:\/\/stroteam.com\/index.php\/fernand-barthelemy\/emilie-zoom\/\"><img src=\"https:\/\/stroteam.com\/wp-content\/uploads\/2024\/05\/emilie-zoom.jpg\" alt=\"\" class=\"wp-image-4060\" width=\"663\" height=\"442\"\/><\/a><figcaption class=\"wp-element-caption\">Emilie, m\u00e8re de Fernand et Tante de Denise qui lui trouvait une chevelure extraordinaire de 2 m\u00e8tres de long!<\/figcaption><\/figure>\n<!-- \/wp:image --><\/div>\n<!-- \/wp:column --><\/div>\n<!-- \/wp:columns -->\n\n<!-- wp:heading {\"fontSize\":\"large\"} -->\n<h2 class=\"has-large-font-size\">G\u00e9n\u00e9alogiquement<\/h2>\n<!-- \/wp:heading -->\n\n<!-- wp:paragraph -->\n<p>Marie-Louise , la m\u00e8re d'Andr\u00e9, \"Maryse\" et Adrienne \u00e9tait la s\u0153ur ain\u00e9e d'Emilie Borel. Fernand \u00e9tait donc cousin germain. <\/p>\n<!-- \/wp:paragraph -->\n\n<!-- wp:paragraph -->\n<p><\/p>\n<!-- \/wp:paragraph -->\n\n<!-- wp:image {\"id\":4102,\"sizeSlug\":\"large\",\"linkDestination\":\"attachment\"} -->\n<figure class=\"wp-block-image size-large\"><a href=\"https:\/\/stroteam.com\/index.php\/fernand-barthelemy\/extraitgeneav2\/\"><img src=\"https:\/\/stroteam.com\/wp-content\/uploads\/2024\/05\/extraitGENEAv2-1240x460.jpg\" alt=\"\" class=\"wp-image-4102\"\/><\/a><figcaption class=\"wp-element-caption\">Extrait de G\u00e9n\u00e9alogie<\/figcaption><\/figure>\n<!-- \/wp:image -->","_et_gb_content_width":""},"yoast_head":"<!-- This site is optimized with the Yoast SEO plugin v20.5 - https:\/\/yoast.com\/wordpress\/plugins\/seo\/ -->\n<title>Fernand Barth\u00e9l\u00e9my - Mers el-K\u00e9bir -<\/title>\n<meta name=\"description\" content=\"La lettre dat\u00e9e de 1936 re\u00e7ue en 2024 de Fernand Barth\u00e9l\u00e9my, le cousin germain mort \u00e0 Mers-el-K\u00e9bir\" \/>\n<meta name=\"robots\" content=\"index, follow, max-snippet:-1, max-image-preview:large, max-video-preview:-1\" \/>\n<link rel=\"canonical\" href=\"https:\/\/stroteam.com\/index.php\/fernand-barthelemy\/\" \/>\n<meta property=\"og:locale\" content=\"en_US\" \/>\n<meta property=\"og:type\" content=\"article\" \/>\n<meta property=\"og:title\" content=\"Fernand Barth\u00e9l\u00e9my - Mers el-K\u00e9bir -\" \/>\n<meta property=\"og:description\" content=\"La lettre dat\u00e9e de 1936 re\u00e7ue en 2024 de Fernand Barth\u00e9l\u00e9my, le cousin germain mort \u00e0 Mers-el-K\u00e9bir\" \/>\n<meta property=\"og:url\" content=\"https:\/\/stroteam.com\/index.php\/fernand-barthelemy\/\" \/>\n<meta property=\"og:site_name\" content=\"Family Stroh &amp; Co\" \/>\n<meta property=\"article:modified_time\" content=\"2024-05-17T21:27:13+00:00\" \/>\n<meta property=\"og:image\" content=\"http:\/\/stroteam.com\/wp-content\/uploads\/2024\/05\/22870046267.jpg\" \/>\n\t<meta property=\"og:image:width\" content=\"594\" \/>\n\t<meta property=\"og:image:height\" content=\"430\" \/>\n\t<meta property=\"og:image:type\" content=\"image\/jpeg\" \/>\n<meta name=\"twitter:card\" content=\"summary_large_image\" \/>\n<meta name=\"twitter:label1\" content=\"Est. reading time\" \/>\n\t<meta name=\"twitter:data1\" content=\"4 minutes\" \/>\n<script type=\"application\/ld+json\" class=\"yoast-schema-graph\">{\"@context\":\"https:\/\/schema.org\",\"@graph\":[{\"@type\":\"WebPage\",\"@id\":\"https:\/\/stroteam.com\/index.php\/fernand-barthelemy\/\",\"url\":\"https:\/\/stroteam.com\/index.php\/fernand-barthelemy\/\",\"name\":\"Fernand Barth\u00e9l\u00e9my - Mers el-K\u00e9bir -\",\"isPartOf\":{\"@id\":\"https:\/\/stroteam.com\/#website\"},\"datePublished\":\"2024-05-17T12:04:44+00:00\",\"dateModified\":\"2024-05-17T21:27:13+00:00\",\"description\":\"La lettre dat\u00e9e de 1936 re\u00e7ue en 2024 de Fernand Barth\u00e9l\u00e9my, le cousin germain mort \u00e0 Mers-el-K\u00e9bir\",\"breadcrumb\":{\"@id\":\"https:\/\/stroteam.com\/index.php\/fernand-barthelemy\/#breadcrumb\"},\"inLanguage\":\"en-US\",\"potentialAction\":[{\"@type\":\"ReadAction\",\"target\":[\"https:\/\/stroteam.com\/index.php\/fernand-barthelemy\/\"]}]},{\"@type\":\"BreadcrumbList\",\"@id\":\"https:\/\/stroteam.com\/index.php\/fernand-barthelemy\/#breadcrumb\",\"itemListElement\":[{\"@type\":\"ListItem\",\"position\":1,\"name\":\"Accueil\",\"item\":\"https:\/\/stroteam.com\/\"},{\"@type\":\"ListItem\",\"position\":2,\"name\":\"Fernand Barth\u00e9l\u00e9my\"}]},{\"@type\":\"WebSite\",\"@id\":\"https:\/\/stroteam.com\/#website\",\"url\":\"https:\/\/stroteam.com\/\",\"name\":\"Family Stroh &amp; Co\",\"description\":\"R\u00e9cits des familles Stroh &amp; Co du Saint Empire Germanique \u00e0 aujourd&#039;hui\",\"potentialAction\":[{\"@type\":\"SearchAction\",\"target\":{\"@type\":\"EntryPoint\",\"urlTemplate\":\"https:\/\/stroteam.com\/?s={search_term_string}\"},\"query-input\":\"required name=search_term_string\"}],\"inLanguage\":\"en-US\"}]}<\/script>\n<!-- \/ Yoast SEO plugin. -->","yoast_head_json":{"title":"Fernand Barth\u00e9l\u00e9my - Mers el-K\u00e9bir -","description":"La lettre dat\u00e9e de 1936 re\u00e7ue en 2024 de Fernand Barth\u00e9l\u00e9my, le cousin germain mort \u00e0 Mers-el-K\u00e9bir","robots":{"index":"index","follow":"follow","max-snippet":"max-snippet:-1","max-image-preview":"max-image-preview:large","max-video-preview":"max-video-preview:-1"},"canonical":"https:\/\/stroteam.com\/index.php\/fernand-barthelemy\/","og_locale":"en_US","og_type":"article","og_title":"Fernand Barth\u00e9l\u00e9my - Mers el-K\u00e9bir -","og_description":"La lettre dat\u00e9e de 1936 re\u00e7ue en 2024 de Fernand Barth\u00e9l\u00e9my, le cousin germain mort \u00e0 Mers-el-K\u00e9bir","og_url":"https:\/\/stroteam.com\/index.php\/fernand-barthelemy\/","og_site_name":"Family Stroh &amp; Co","article_modified_time":"2024-05-17T21:27:13+00:00","og_image":[{"width":594,"height":430,"url":"http:\/\/stroteam.com\/wp-content\/uploads\/2024\/05\/22870046267.jpg","type":"image\/jpeg"}],"twitter_card":"summary_large_image","twitter_misc":{"Est. reading time":"4 minutes"},"schema":{"@context":"https:\/\/schema.org","@graph":[{"@type":"WebPage","@id":"https:\/\/stroteam.com\/index.php\/fernand-barthelemy\/","url":"https:\/\/stroteam.com\/index.php\/fernand-barthelemy\/","name":"Fernand Barth\u00e9l\u00e9my - Mers el-K\u00e9bir -","isPartOf":{"@id":"https:\/\/stroteam.com\/#website"},"datePublished":"2024-05-17T12:04:44+00:00","dateModified":"2024-05-17T21:27:13+00:00","description":"La lettre dat\u00e9e de 1936 re\u00e7ue en 2024 de Fernand Barth\u00e9l\u00e9my, le cousin germain mort \u00e0 Mers-el-K\u00e9bir","breadcrumb":{"@id":"https:\/\/stroteam.com\/index.php\/fernand-barthelemy\/#breadcrumb"},"inLanguage":"en-US","potentialAction":[{"@type":"ReadAction","target":["https:\/\/stroteam.com\/index.php\/fernand-barthelemy\/"]}]},{"@type":"BreadcrumbList","@id":"https:\/\/stroteam.com\/index.php\/fernand-barthelemy\/#breadcrumb","itemListElement":[{"@type":"ListItem","position":1,"name":"Accueil","item":"https:\/\/stroteam.com\/"},{"@type":"ListItem","position":2,"name":"Fernand Barth\u00e9l\u00e9my"}]},{"@type":"WebSite","@id":"https:\/\/stroteam.com\/#website","url":"https:\/\/stroteam.com\/","name":"Family Stroh &amp; Co","description":"R\u00e9cits des familles Stroh &amp; Co du Saint Empire Germanique \u00e0 aujourd&#039;hui","potentialAction":[{"@type":"SearchAction","target":{"@type":"EntryPoint","urlTemplate":"https:\/\/stroteam.com\/?s={search_term_string}"},"query-input":"required name=search_term_string"}],"inLanguage":"en-US"}]}},"_links":{"self":[{"href":"https:\/\/stroteam.com\/index.php\/wp-json\/wp\/v2\/pages\/4034"}],"collection":[{"href":"https:\/\/stroteam.com\/index.php\/wp-json\/wp\/v2\/pages"}],"about":[{"href":"https:\/\/stroteam.com\/index.php\/wp-json\/wp\/v2\/types\/page"}],"author":[{"embeddable":true,"href":"https:\/\/stroteam.com\/index.php\/wp-json\/wp\/v2\/users\/2"}],"replies":[{"embeddable":true,"href":"https:\/\/stroteam.com\/index.php\/wp-json\/wp\/v2\/comments?post=4034"}],"version-history":[{"count":37,"href":"https:\/\/stroteam.com\/index.php\/wp-json\/wp\/v2\/pages\/4034\/revisions"}],"predecessor-version":[{"id":4108,"href":"https:\/\/stroteam.com\/index.php\/wp-json\/wp\/v2\/pages\/4034\/revisions\/4108"}],"wp:featuredmedia":[{"embeddable":true,"href":"https:\/\/stroteam.com\/index.php\/wp-json\/wp\/v2\/media\/4070"}],"wp:attachment":[{"href":"https:\/\/stroteam.com\/index.php\/wp-json\/wp\/v2\/media?parent=4034"}],"curies":[{"name":"wp","href":"https:\/\/api.w.org\/{rel}","templated":true}]}}