{"id":663,"date":"2023-04-11T23:46:03","date_gmt":"2023-04-11T21:46:03","guid":{"rendered":"https:\/\/stroteam.com\/?page_id=663"},"modified":"2025-04-15T19:40:55","modified_gmt":"2025-04-15T17:40:55","slug":"blog-2","status":"publish","type":"page","link":"https:\/\/stroteam.com\/index.php\/blog-2\/","title":{"rendered":"Blog"},"content":{"rendered":"<p>[et_pb_section fb_built=&#8221;1&#8243; admin_label=&#8221;Hero Section&#8221; _builder_version=&#8221;4.20.4&#8243; use_background_color_gradient=&#8221;on&#8221; background_color_gradient_type=&#8221;elliptical&#8221; background_color_gradient_stops=&#8221;#000000 0%|rgba(0,0,0,0.18) 99%&#8221; background_color_gradient_overlays_image=&#8221;on&#8221; background_color_gradient_start=&#8221;#ff6a88&#8243; background_color_gradient_end=&#8221;#ff99ac&#8221; background_image=&#8221;http:\/\/stroteam.com\/wp-content\/uploads\/2023\/04\/DSC00215_6_7_tonemapped-W.jpg&#8221; min_height=&#8221;515.9px&#8221; height=&#8221;543px&#8221; max_height=&#8221;628px&#8221; custom_padding=&#8221;0px|0px|10px|||&#8221; animation_style=&#8221;slide&#8221; animation_direction=&#8221;top&#8221; animation_intensity_slide=&#8221;2%&#8221; animation_starting_opacity=&#8221;100%&#8221; box_shadow_style=&#8221;preset7&#8243; box_shadow_horizontal=&#8221;0px&#8221; box_shadow_vertical=&#8221;-120px&#8221; box_shadow_color=&#8221;#ffffff&#8221; locked=&#8221;off&#8221; global_colors_info=&#8221;{}&#8221;][et_pb_row column_structure=&#8221;1_3,1_3,1_3&#8243; _builder_version=&#8221;4.20.4&#8243; background_size=&#8221;initial&#8221; background_position=&#8221;top_left&#8221; background_repeat=&#8221;repeat&#8221; custom_padding=&#8221;31px||0px|||&#8221; custom_width_px=&#8221;1440px&#8221; global_colors_info=&#8221;{}&#8221;][et_pb_column type=&#8221;1_3&#8243; _builder_version=&#8221;4.20.4&#8243; global_colors_info=&#8221;{}&#8221; custom_padding__hover=&#8221;|||&#8221;][et_pb_image src=&#8221;http:\/\/stroteam.com\/wp-content\/uploads\/2023\/04\/Sor3.png&#8221; title_text=&#8221;Sor3&#8243; _builder_version=&#8221;4.20.4&#8243; _module_preset=&#8221;default&#8221; width=&#8221;68%&#8221; global_colors_info=&#8221;{}&#8221;][\/et_pb_image][\/et_pb_column][et_pb_column type=&#8221;1_3&#8243; _builder_version=&#8221;4.20.4&#8243; _module_preset=&#8221;default&#8221; global_colors_info=&#8221;{}&#8221;][et_pb_text _builder_version=&#8221;4.20.4&#8243; text_font=&#8221;||||||||&#8221; header_font=&#8221;Playfair Display|700|||||||&#8221; header_text_color=&#8221;#ffffff&#8221; header_font_size=&#8221;60px&#8221; header_line_height=&#8221;1.5em&#8221; header_2_font=&#8221;||||||||&#8221; header_3_font=&#8221;||||||||&#8221; header_4_font=&#8221;||||||||&#8221; header_5_font=&#8221;||||||||&#8221; header_6_font=&#8221;||||||||&#8221; background_size=&#8221;initial&#8221; background_position=&#8221;top_left&#8221; background_repeat=&#8221;repeat&#8221; min_height=&#8221;34px&#8221; custom_margin=&#8221;0px||0px|-33px|true|false&#8221; custom_padding=&#8221;|0px|0px|||&#8221; locked=&#8221;off&#8221; global_colors_info=&#8221;{}&#8221;]<\/p>\n<h1 _msttexthash=\"122369\" _msthash=\"673\">Blog &amp; News<\/h1>\n<p>[\/et_pb_text][et_pb_text _builder_version=&#8221;4.20.4&#8243; text_font=&#8221;Poppins|700|||||||&#8221; text_text_color=&#8221;#FFFFFF&#8221; text_font_size=&#8221;22px&#8221; header_font=&#8221;Playfair Display|700|||||||&#8221; header_text_color=&#8221;#ffffff&#8221; header_font_size=&#8221;60px&#8221; header_line_height=&#8221;1.5em&#8221; header_2_font=&#8221;||||||||&#8221; header_3_font=&#8221;||||||||&#8221; header_4_font=&#8221;||||||||&#8221; header_5_font=&#8221;||||||||&#8221; header_6_font=&#8221;||||||||&#8221; background_size=&#8221;initial&#8221; background_position=&#8221;top_left&#8221; background_repeat=&#8221;repeat&#8221; width=&#8221;150%&#8221; max_width=&#8221;150%&#8221; custom_margin=&#8221;-16px||20px|||&#8221; hover_enabled=&#8221;0&#8243; locked=&#8221;off&#8221; global_colors_info=&#8221;{}&#8221; sticky_enabled=&#8221;0&#8243;]<\/p>\n<p>&#8230; if any\u00a0 \ud83d\ude42<\/p>\n<p>[\/et_pb_text][et_pb_divider color=&#8221;#f7d584&#8243; divider_weight=&#8221;3px&#8221; disabled_on=&#8221;on|on|off&#8221; _builder_version=&#8221;4.20.4&#8243; max_width=&#8221;80px&#8221; module_alignment=&#8221;left&#8221; height=&#8221;10px&#8221; custom_margin=&#8221;29px||20px||false|false&#8221; animation_style=&#8221;slide&#8221; animation_direction=&#8221;bottom&#8221; saved_tabs=&#8221;all&#8221; locked=&#8221;off&#8221; global_colors_info=&#8221;{}&#8221;][\/et_pb_divider][et_pb_text _builder_version=&#8221;4.20.4&#8243; text_font=&#8221;Poppins||||||||&#8221; text_text_color=&#8221;rgba(255,255,255,0.8)&#8221; text_font_size=&#8221;21px&#8221; text_line_height=&#8221;2em&#8221; header_font=&#8221;||||||||&#8221; custom_margin=&#8221;-12px||||false|false&#8221; custom_padding=&#8221;||9px|||&#8221; locked=&#8221;off&#8221; global_colors_info=&#8221;{}&#8221;]<\/p>\n<p>Cat\u00e9gories des Articles:<\/p>\n<ul>\n<li>Arts Litt\u00e9rature et Philo<\/li>\n<li>Histoire et Ev\u00e9nements<\/li>\n<li>Personnages &amp; Cold Case<\/li>\n<li>Voyage &amp; Loisir<\/li>\n<\/ul>\n<p>[\/et_pb_text][\/et_pb_column][et_pb_column type=&#8221;1_3&#8243; _builder_version=&#8221;4.16&#8243; custom_padding=&#8221;|||&#8221; global_colors_info=&#8221;{}&#8221; custom_padding__hover=&#8221;|||&#8221;][et_pb_image src=&#8221;http:\/\/stroteam.com\/wp-content\/uploads\/2023\/04\/blog-g44786faa3_640.jpg&#8221; title_text=&#8221;blog-g44786faa3_640&#8243; _builder_version=&#8221;4.20.4&#8243; width=&#8221;97%&#8221; max_width=&#8221;120%&#8221; custom_margin=&#8221;11px||||false|false&#8221; custom_padding=&#8221;|||&#8221; animation_style=&#8221;slide&#8221; animation_direction=&#8221;top&#8221; animation_intensity_slide=&#8221;6%&#8221; animation_starting_opacity=&#8221;100%&#8221; border_radii=&#8221;on|52px|52px|52px|52px&#8221; box_shadow_style=&#8221;preset1&#8243; box_shadow_vertical=&#8221;10px&#8221; box_shadow_blur=&#8221;100px&#8221; box_shadow_color=&#8221;rgba(0,0,0,0.2)&#8221; always_center_on_mobile=&#8221;off&#8221; global_colors_info=&#8221;{}&#8221;][\/et_pb_image][\/et_pb_column][\/et_pb_row][\/et_pb_section][et_pb_section fb_built=&#8221;1&#8243; disabled_on=&#8221;off|off|off&#8221; admin_label=&#8221;Blog Section&#8221; _builder_version=&#8221;4.16&#8243; background_position=&#8221;top_center&#8221; custom_margin=&#8221;-87px|||||&#8221; custom_padding=&#8221;9px|||||&#8221; locked=&#8221;off&#8221; global_colors_info=&#8221;{}&#8221;][et_pb_row _builder_version=&#8221;4.16&#8243; background_size=&#8221;initial&#8221; background_position=&#8221;top_left&#8221; background_repeat=&#8221;repeat&#8221; global_colors_info=&#8221;{}&#8221;][et_pb_column type=&#8221;4_4&#8243; _builder_version=&#8221;4.16&#8243; custom_padding=&#8221;|||&#8221; global_colors_info=&#8221;{}&#8221; custom_padding__hover=&#8221;|||&#8221;][et_pb_text _builder_version=&#8221;4.16&#8243; text_font=&#8221;||||||||&#8221; header_font=&#8221;||||||||&#8221; header_2_font=&#8221;Playfair Display|700|||||||&#8221; header_2_text_align=&#8221;center&#8221; header_2_text_color=&#8221;#2b2b2b&#8221; header_2_font_size=&#8221;42px&#8221; header_2_line_height=&#8221;1.5em&#8221; background_size=&#8221;initial&#8221; background_position=&#8221;top_left&#8221; background_repeat=&#8221;repeat&#8221; text_orientation=&#8221;center&#8221; module_alignment=&#8221;center&#8221; custom_margin=&#8221;-10px||10px|||&#8221; locked=&#8221;off&#8221; global_colors_info=&#8221;{}&#8221;]<\/p>\n<h2 _msttexthash=\"200408\" _msthash=\"355\" _mstvisible=\"6\">Blog Articles<\/h2>\n<p>[\/et_pb_text][et_pb_divider color=&#8221;#f7d584&#8243; divider_weight=&#8221;3px&#8221; disabled_on=&#8221;on|on|off&#8221; _builder_version=&#8221;4.16&#8243; max_width=&#8221;80px&#8221; module_alignment=&#8221;center&#8221; height=&#8221;10px&#8221; custom_margin=&#8221;||20px|&#8221; animation_style=&#8221;slide&#8221; animation_direction=&#8221;bottom&#8221; saved_tabs=&#8221;all&#8221; locked=&#8221;off&#8221; global_colors_info=&#8221;{}&#8221;][\/et_pb_divider][et_pb_text _builder_version=&#8221;4.20.4&#8243; text_font=&#8221;Poppins||||||||&#8221; text_text_color=&#8221;rgba(0,0,0,0.4)&#8221; text_font_size=&#8221;16px&#8221; text_line_height=&#8221;1.9em&#8221; header_font=&#8221;||||||||&#8221; header_2_font=&#8221;||||||||&#8221; text_orientation=&#8221;center&#8221; max_width=&#8221;1080%&#8221; module_alignment=&#8221;center&#8221; custom_margin=&#8221;||-12px|||&#8221; custom_padding=&#8221;6px|||||&#8221; global_colors_info=&#8221;{}&#8221;]<\/p>\n<p><span>Rapide de mettre en ligne un article mais c&#8217;est une autre paire de manches que de l&#8217;\u00e9crire!. Dans l&#8221;exercice&#8221; j&#8217;ai cr\u00e9\u00e9 une page &#8220;Blog&#8221;. Elle ne servira que si vous envoyez des documents&#8230;<\/span><span><\/span><\/p>\n<p>[\/et_pb_text][\/et_pb_column][\/et_pb_row][et_pb_row _builder_version=&#8221;4.20.4&#8243; _module_preset=&#8221;default&#8221; global_colors_info=&#8221;{}&#8221;][et_pb_column type=&#8221;4_4&#8243; _builder_version=&#8221;4.20.4&#8243; _module_preset=&#8221;default&#8221; global_colors_info=&#8221;{}&#8221;][et_pb_text _builder_version=&#8221;4.20.4&#8243; _module_preset=&#8221;default&#8221; text_font=&#8221;Poppins|700|||||||&#8221; text_text_color=&#8221;#E09900&#8243; text_font_size=&#8221;12px&#8221; header_2_font_size=&#8221;46px&#8221; global_colors_info=&#8221;{}&#8221;]<\/p>\n<h2><strong><span style=\"color: #ffcc00;\">Arts, Litt\u00e9rature, Philo&#8230;<br \/><\/span><\/strong><\/h2>\n<p>[\/et_pb_text][et_pb_blog fullwidth=&#8221;off&#8221; posts_number=&#8221;27&#8243; include_categories=&#8221;15&#8243; meta_date=&#8221;j,M,Y&#8221; show_more=&#8221;on&#8221; _builder_version=&#8221;4.20.4&#8243; _module_preset=&#8221;default&#8221; global_colors_info=&#8221;{}&#8221;][\/et_pb_blog][et_pb_text _builder_version=&#8221;4.20.4&#8243; _module_preset=&#8221;default&#8221; text_font=&#8221;Poppins|700|||||||&#8221; text_text_color=&#8221;#E09900&#8243; text_font_size=&#8221;12px&#8221; header_2_font_size=&#8221;46px&#8221; global_colors_info=&#8221;{}&#8221;]<\/p>\n<h2><strong><span style=\"color: #ffcc00;\">Histoire &amp; Ev\u00e9nements<br \/><\/span><\/strong><\/h2>\n<p>[\/et_pb_text][et_pb_blog fullwidth=&#8221;off&#8221; posts_number=&#8221;6&#8243; include_categories=&#8221;12,11&#8243; show_author=&#8221;off&#8221; _builder_version=&#8221;4.20.4&#8243; _module_preset=&#8221;default&#8221; global_colors_info=&#8221;{}&#8221;][\/et_pb_blog][et_pb_text _builder_version=&#8221;4.20.4&#8243; _module_preset=&#8221;default&#8221; text_font=&#8221;Poppins|700|||||||&#8221; text_text_color=&#8221;#E09900&#8243; text_font_size=&#8221;12px&#8221; header_2_font_size=&#8221;46px&#8221; global_colors_info=&#8221;{}&#8221;]<\/p>\n<h2><strong><span style=\"color: #ffcc00;\">Personnage &amp; Cold Case<br \/><\/span><\/strong><\/h2>\n<p>[\/et_pb_text][et_pb_blog fullwidth=&#8221;off&#8221; posts_number=&#8221;3&#8243; include_categories=&#8221;10,17&#8243; show_author=&#8221;off&#8221; _builder_version=&#8221;4.20.4&#8243; _module_preset=&#8221;default&#8221; global_colors_info=&#8221;{}&#8221;][\/et_pb_blog][et_pb_text _builder_version=&#8221;4.20.4&#8243; _module_preset=&#8221;default&#8221; text_font=&#8221;Poppins|700|||||||&#8221; text_text_color=&#8221;#E09900&#8243; text_font_size=&#8221;12px&#8221; header_2_font_size=&#8221;46px&#8221; global_colors_info=&#8221;{}&#8221;]<\/p>\n<h2><strong><span style=\"color: #ffcc00;\">Voyage &amp; Loisir<br \/><\/span><\/strong><\/h2>\n<p>[\/et_pb_text][et_pb_blog fullwidth=&#8221;off&#8221; posts_number=&#8221;3&#8243; include_categories=&#8221;13&#8243; show_author=&#8221;off&#8221; _builder_version=&#8221;4.20.4&#8243; _module_preset=&#8221;default&#8221; global_colors_info=&#8221;{}&#8221;][\/et_pb_blog][\/et_pb_column][\/et_pb_row][\/et_pb_section]<\/p>\n","protected":false},"excerpt":{"rendered":"<p>Blog &amp; News&#8230; if any\u00a0 :)Cat\u00e9gories des Articles: Arts Litt\u00e9rature et Philo Histoire et Ev\u00e9nements Personnages &amp; Cold Case Voyage &amp; Loisir Blog ArticlesRapide de mettre en ligne un article mais c&#8217;est une autre paire de manches que de l&#8217;\u00e9crire!. Dans l&#8221;exercice&#8221; j&#8217;ai cr\u00e9\u00e9 une page &#8220;Blog&#8221;. Elle ne servira que si vous envoyez des [&hellip;]<\/p>\n","protected":false},"author":2,"featured_media":0,"parent":0,"menu_order":0,"comment_status":"open","ping_status":"closed","template":"","meta":{"_et_pb_use_builder":"on","_et_pb_old_content":"","_et_gb_content_width":""},"yoast_head":"<!-- This site is optimized with the Yoast SEO plugin v20.5 - https:\/\/yoast.com\/wordpress\/plugins\/seo\/ -->\n<title>Histoire - Stroh - cold case g\u00e9n\u00e9alogique - \u00e9nigme g\u00e9n\u00e9alogique - Berthe Stroh<\/title>\n<meta name=\"description\" content=\"Articles autour des Stroh et des familles Horst, Ortlieb, Danneberger sur les sujets: histoires, litt\u00e9ratures, souvenirs, voyages, cold case g\u00e9n\u00e9alogiques ... etc\" \/>\n<meta name=\"robots\" content=\"index, follow, max-snippet:-1, max-image-preview:large, max-video-preview:-1\" \/>\n<link rel=\"canonical\" href=\"https:\/\/stroteam.com\/index.php\/blog-2\/\" \/>\n<meta property=\"og:locale\" content=\"en_US\" \/>\n<meta property=\"og:type\" content=\"article\" \/>\n<meta property=\"og:title\" content=\"Histoire - Stroh - cold case g\u00e9n\u00e9alogique - \u00e9nigme g\u00e9n\u00e9alogique - Berthe Stroh\" \/>\n<meta property=\"og:description\" content=\"Articles autour des Stroh et des familles Horst, Ortlieb, Danneberger sur les sujets: histoires, litt\u00e9ratures, souvenirs, voyages, cold case g\u00e9n\u00e9alogiques ... etc\" \/>\n<meta property=\"og:url\" content=\"https:\/\/stroteam.com\/index.php\/blog-2\/\" \/>\n<meta property=\"og:site_name\" content=\"Family Stroh &amp; Co\" \/>\n<meta property=\"article:modified_time\" content=\"2025-04-15T17:40:55+00:00\" \/>\n<meta name=\"twitter:card\" content=\"summary_large_image\" \/>\n<meta name=\"twitter:label1\" content=\"Est. reading time\" \/>\n\t<meta name=\"twitter:data1\" content=\"2 minutes\" \/>\n<script type=\"application\/ld+json\" class=\"yoast-schema-graph\">{\"@context\":\"https:\/\/schema.org\",\"@graph\":[{\"@type\":\"WebPage\",\"@id\":\"https:\/\/stroteam.com\/index.php\/blog-2\/\",\"url\":\"https:\/\/stroteam.com\/index.php\/blog-2\/\",\"name\":\"Histoire - Stroh - cold case g\u00e9n\u00e9alogique - \u00e9nigme g\u00e9n\u00e9alogique - Berthe Stroh\",\"isPartOf\":{\"@id\":\"https:\/\/stroteam.com\/#website\"},\"datePublished\":\"2023-04-11T21:46:03+00:00\",\"dateModified\":\"2025-04-15T17:40:55+00:00\",\"description\":\"Articles autour des Stroh et des familles Horst, Ortlieb, Danneberger sur les sujets: histoires, litt\u00e9ratures, souvenirs, voyages, cold case g\u00e9n\u00e9alogiques ... etc\",\"breadcrumb\":{\"@id\":\"https:\/\/stroteam.com\/index.php\/blog-2\/#breadcrumb\"},\"inLanguage\":\"en-US\",\"potentialAction\":[{\"@type\":\"ReadAction\",\"target\":[\"https:\/\/stroteam.com\/index.php\/blog-2\/\"]}]},{\"@type\":\"BreadcrumbList\",\"@id\":\"https:\/\/stroteam.com\/index.php\/blog-2\/#breadcrumb\",\"itemListElement\":[{\"@type\":\"ListItem\",\"position\":1,\"name\":\"Accueil\",\"item\":\"https:\/\/stroteam.com\/\"},{\"@type\":\"ListItem\",\"position\":2,\"name\":\"Blog\"}]},{\"@type\":\"WebSite\",\"@id\":\"https:\/\/stroteam.com\/#website\",\"url\":\"https:\/\/stroteam.com\/\",\"name\":\"Family Stroh &amp; Co\",\"description\":\"R\u00e9cits des familles Stroh &amp; Co du Saint Empire Germanique \u00e0 aujourd&#039;hui\",\"potentialAction\":[{\"@type\":\"SearchAction\",\"target\":{\"@type\":\"EntryPoint\",\"urlTemplate\":\"https:\/\/stroteam.com\/?s={search_term_string}\"},\"query-input\":\"required name=search_term_string\"}],\"inLanguage\":\"en-US\"}]}<\/script>\n<!-- \/ Yoast SEO plugin. -->","yoast_head_json":{"title":"Histoire - Stroh - cold case g\u00e9n\u00e9alogique - \u00e9nigme g\u00e9n\u00e9alogique - Berthe Stroh","description":"Articles autour des Stroh et des familles Horst, Ortlieb, Danneberger sur les sujets: histoires, litt\u00e9ratures, souvenirs, voyages, cold case g\u00e9n\u00e9alogiques ... etc","robots":{"index":"index","follow":"follow","max-snippet":"max-snippet:-1","max-image-preview":"max-image-preview:large","max-video-preview":"max-video-preview:-1"},"canonical":"https:\/\/stroteam.com\/index.php\/blog-2\/","og_locale":"en_US","og_type":"article","og_title":"Histoire - Stroh - cold case g\u00e9n\u00e9alogique - \u00e9nigme g\u00e9n\u00e9alogique - Berthe Stroh","og_description":"Articles autour des Stroh et des familles Horst, Ortlieb, Danneberger sur les sujets: histoires, litt\u00e9ratures, souvenirs, voyages, cold case g\u00e9n\u00e9alogiques ... etc","og_url":"https:\/\/stroteam.com\/index.php\/blog-2\/","og_site_name":"Family Stroh &amp; Co","article_modified_time":"2025-04-15T17:40:55+00:00","twitter_card":"summary_large_image","twitter_misc":{"Est. reading time":"2 minutes"},"schema":{"@context":"https:\/\/schema.org","@graph":[{"@type":"WebPage","@id":"https:\/\/stroteam.com\/index.php\/blog-2\/","url":"https:\/\/stroteam.com\/index.php\/blog-2\/","name":"Histoire - Stroh - cold case g\u00e9n\u00e9alogique - \u00e9nigme g\u00e9n\u00e9alogique - Berthe Stroh","isPartOf":{"@id":"https:\/\/stroteam.com\/#website"},"datePublished":"2023-04-11T21:46:03+00:00","dateModified":"2025-04-15T17:40:55+00:00","description":"Articles autour des Stroh et des familles Horst, Ortlieb, Danneberger sur les sujets: histoires, litt\u00e9ratures, souvenirs, voyages, cold case g\u00e9n\u00e9alogiques ... etc","breadcrumb":{"@id":"https:\/\/stroteam.com\/index.php\/blog-2\/#breadcrumb"},"inLanguage":"en-US","potentialAction":[{"@type":"ReadAction","target":["https:\/\/stroteam.com\/index.php\/blog-2\/"]}]},{"@type":"BreadcrumbList","@id":"https:\/\/stroteam.com\/index.php\/blog-2\/#breadcrumb","itemListElement":[{"@type":"ListItem","position":1,"name":"Accueil","item":"https:\/\/stroteam.com\/"},{"@type":"ListItem","position":2,"name":"Blog"}]},{"@type":"WebSite","@id":"https:\/\/stroteam.com\/#website","url":"https:\/\/stroteam.com\/","name":"Family Stroh &amp; Co","description":"R\u00e9cits des familles Stroh &amp; Co du Saint Empire Germanique \u00e0 aujourd&#039;hui","potentialAction":[{"@type":"SearchAction","target":{"@type":"EntryPoint","urlTemplate":"https:\/\/stroteam.com\/?s={search_term_string}"},"query-input":"required name=search_term_string"}],"inLanguage":"en-US"}]}},"_links":{"self":[{"href":"https:\/\/stroteam.com\/index.php\/wp-json\/wp\/v2\/pages\/663"}],"collection":[{"href":"https:\/\/stroteam.com\/index.php\/wp-json\/wp\/v2\/pages"}],"about":[{"href":"https:\/\/stroteam.com\/index.php\/wp-json\/wp\/v2\/types\/page"}],"author":[{"embeddable":true,"href":"https:\/\/stroteam.com\/index.php\/wp-json\/wp\/v2\/users\/2"}],"replies":[{"embeddable":true,"href":"https:\/\/stroteam.com\/index.php\/wp-json\/wp\/v2\/comments?post=663"}],"version-history":[{"count":58,"href":"https:\/\/stroteam.com\/index.php\/wp-json\/wp\/v2\/pages\/663\/revisions"}],"predecessor-version":[{"id":4692,"href":"https:\/\/stroteam.com\/index.php\/wp-json\/wp\/v2\/pages\/663\/revisions\/4692"}],"wp:attachment":[{"href":"https:\/\/stroteam.com\/index.php\/wp-json\/wp\/v2\/media?parent=663"}],"curies":[{"name":"wp","href":"https:\/\/api.w.org\/{rel}","templated":true}]}}